{"id":2279,"date":"2023-08-31T21:58:10","date_gmt":"2023-08-31T21:58:10","guid":{"rendered":"https:\/\/glommersbygden.se\/?page_id=2279"},"modified":"2023-08-31T22:01:52","modified_gmt":"2023-08-31T22:01:52","slug":"seochgora","status":"publish","type":"page","link":"https:\/\/glommersbygden.se\/en\/seochgora\/","title":{"rendered":"See &amp; Do"},"content":{"rendered":"<div data-elementor-type=\"wp-page\" data-elementor-id=\"2279\" class=\"elementor elementor-2279\" data-elementor-post-type=\"page\">\n\t\t\t\t\t\t<section class=\"elementor-section elementor-top-section elementor-element elementor-element-b215940 elementor-section-full_width elementor-section-height-default elementor-section-height-default\" data-id=\"b215940\" data-element_type=\"section\" data-settings=\"{&quot;background_background&quot;:&quot;classic&quot;}\">\n\t\t\t\t\t\t<div class=\"elementor-container elementor-column-gap-default\">\n\t\t\t\t\t<div class=\"elementor-column elementor-col-100 elementor-top-column elementor-element elementor-element-0a78c0a\" data-id=\"0a78c0a\" data-element_type=\"column\">\n\t\t\t<div class=\"elementor-widget-wrap elementor-element-populated\">\n\t\t\t\t\t\t<div class=\"elementor-element elementor-element-66aa7e9 elementor-widget elementor-widget-spacer\" data-id=\"66aa7e9\" data-element_type=\"widget\" data-widget_type=\"spacer.default\">\n\t\t\t\t<div class=\"elementor-widget-container\">\n\t\t\t\t\t<div class=\"elementor-spacer\">\n\t\t\t<div class=\"elementor-spacer-inner\"><\/div>\n\t\t<\/div>\n\t\t\t\t<\/div>\n\t\t\t\t<\/div>\n\t\t\t\t<div class=\"elementor-element elementor-element-fb26d53 elementor-widget elementor-widget-heading\" data-id=\"fb26d53\" data-element_type=\"widget\" data-widget_type=\"heading.default\">\n\t\t\t\t<div class=\"elementor-widget-container\">\n\t\t\t<h2 class=\"elementor-heading-title elementor-size-default\">Vad kan du se och g\u00f6ra n\u00e4r du bes\u00f6ker Glommersbygden?<\/h2>\t\t<\/div>\n\t\t\t\t<\/div>\n\t\t\t\t<div class=\"elementor-element elementor-element-a525ce4 elementor-widget elementor-widget-text-editor\" data-id=\"a525ce4\" data-element_type=\"widget\" data-widget_type=\"text-editor.default\">\n\t\t\t\t<div class=\"elementor-widget-container\">\n\t\t\t\t\t\t\t<p>Se undermenyerna f\u00f6r att hitta den information som du s\u00f6ker<\/p>\t\t\t\t\t\t<\/div>\n\t\t\t\t<\/div>\n\t\t\t\t<div class=\"elementor-element elementor-element-fb9cca4 elementor-widget elementor-widget-spacer\" data-id=\"fb9cca4\" data-element_type=\"widget\" data-widget_type=\"spacer.default\">\n\t\t\t\t<div class=\"elementor-widget-container\">\n\t\t\t\t\t<div class=\"elementor-spacer\">\n\t\t\t<div class=\"elementor-spacer-inner\"><\/div>\n\t\t<\/div>\n\t\t\t\t<\/div>\n\t\t\t\t<\/div>\n\t\t\t\t\t<\/div>\n\t\t<\/div>\n\t\t\t\t\t<\/div>\n\t\t<\/section>\n\t\t\t\t<\/div>","protected":false},"excerpt":{"rendered":"<p>Vad kan man g\u00f6ra n\u00e4r man \u00e4r i Glommerstr\u00e4sk, Glommersbygden? H\u00e4r samlar vi all information som du kan t\u00e4nkas beh\u00f6va f\u00f6r att g\u00f6ra din upplevelse h\u00e4r s\u00e5 bra som m\u00f6jligt!<\/p>","protected":false},"author":1,"featured_media":1705,"parent":0,"menu_order":0,"comment_status":"closed","ping_status":"closed","template":"","meta":{"footnotes":""},"class_list":["post-2279","page","type-page","status-publish","has-post-thumbnail","hentry"],"yoast_head":"<!-- This site is optimized with the Yoast SEO plugin v26.3 - https:\/\/yoast.com\/wordpress\/plugins\/seo\/ -->\n<title>Se &amp; G\u00f6ra - Glommerstr\u00e4sk | Glommersbygden<\/title>\n<meta name=\"robots\" content=\"index, follow, max-snippet:-1, max-image-preview:large, max-video-preview:-1\" \/>\n<link rel=\"canonical\" href=\"https:\/\/glommersbygden.se\/en\/seochgora\/\" \/>\n<meta property=\"og:locale\" content=\"en_US\" \/>\n<meta property=\"og:type\" content=\"article\" \/>\n<meta property=\"og:title\" content=\"Se &amp; G\u00f6ra - Glommerstr\u00e4sk | Glommersbygden\" \/>\n<meta property=\"og:description\" content=\"Vad kan man g\u00f6ra n\u00e4r man \u00e4r i Glommerstr\u00e4sk, Glommersbygden? H\u00e4r samlar vi all information som du kan t\u00e4nkas beh\u00f6va f\u00f6r att g\u00f6ra din upplevelse h\u00e4r s\u00e5 bra som m\u00f6jligt!\" \/>\n<meta property=\"og:url\" content=\"https:\/\/glommersbygden.se\/en\/seochgora\/\" \/>\n<meta property=\"og:site_name\" content=\"Glommerstr\u00e4sk | Glommersbygden\" \/>\n<meta property=\"article:publisher\" content=\"https:\/\/www.facebook.com\/glommerstrask\" \/>\n<meta property=\"article:modified_time\" content=\"2023-08-31T22:01:52+00:00\" \/>\n<meta property=\"og:image\" content=\"https:\/\/glommersbygden.se\/wp-content\/uploads\/2023\/08\/MG_7512.jpg\" \/>\n\t<meta property=\"og:image:width\" content=\"1080\" \/>\n\t<meta property=\"og:image:height\" content=\"720\" \/>\n\t<meta property=\"og:image:type\" content=\"image\/jpeg\" \/>\n<meta name=\"twitter:card\" content=\"summary_large_image\" \/>\n<script type=\"application\/ld+json\" class=\"yoast-schema-graph\">{\"@context\":\"https:\/\/schema.org\",\"@graph\":[{\"@type\":\"WebPage\",\"@id\":\"https:\/\/glommersbygden.se\/seochgora\/\",\"url\":\"https:\/\/glommersbygden.se\/seochgora\/\",\"name\":\"Se & G\u00f6ra - Glommerstr\u00e4sk | Glommersbygden\",\"isPartOf\":{\"@id\":\"https:\/\/glommersbygden.se\/#website\"},\"primaryImageOfPage\":{\"@id\":\"https:\/\/glommersbygden.se\/seochgora\/#primaryimage\"},\"image\":{\"@id\":\"https:\/\/glommersbygden.se\/seochgora\/#primaryimage\"},\"thumbnailUrl\":\"https:\/\/glommersbygden.se\/wp-content\/uploads\/2023\/08\/MG_7512.jpg\",\"datePublished\":\"2023-08-31T21:58:10+00:00\",\"dateModified\":\"2023-08-31T22:01:52+00:00\",\"breadcrumb\":{\"@id\":\"https:\/\/glommersbygden.se\/seochgora\/#breadcrumb\"},\"inLanguage\":\"en-US\",\"potentialAction\":[{\"@type\":\"ReadAction\",\"target\":[\"https:\/\/glommersbygden.se\/seochgora\/\"]}]},{\"@type\":\"ImageObject\",\"inLanguage\":\"en-US\",\"@id\":\"https:\/\/glommersbygden.se\/seochgora\/#primaryimage\",\"url\":\"https:\/\/glommersbygden.se\/wp-content\/uploads\/2023\/08\/MG_7512.jpg\",\"contentUrl\":\"https:\/\/glommersbygden.se\/wp-content\/uploads\/2023\/08\/MG_7512.jpg\",\"width\":1080,\"height\":720,\"caption\":\"Norrsken, Glommerstr\u00e4sk, Glommersbygden, Arvidsjaur, Missentr\u00e4sk\"},{\"@type\":\"BreadcrumbList\",\"@id\":\"https:\/\/glommersbygden.se\/seochgora\/#breadcrumb\",\"itemListElement\":[{\"@type\":\"ListItem\",\"position\":1,\"name\":\"Hem\",\"item\":\"https:\/\/glommersbygden.se\/\"},{\"@type\":\"ListItem\",\"position\":2,\"name\":\"Se &#038; G\u00f6ra\"}]},{\"@type\":\"WebSite\",\"@id\":\"https:\/\/glommersbygden.se\/#website\",\"url\":\"https:\/\/glommersbygden.se\/\",\"name\":\"Glommersbygden - Glommerstr\u00e4sk\",\"description\":\"Inlandsdr\u00f6m mellan kust och fj\u00e4ll\",\"publisher\":{\"@id\":\"https:\/\/glommersbygden.se\/#organization\"},\"alternateName\":\"Glommers\",\"potentialAction\":[{\"@type\":\"SearchAction\",\"target\":{\"@type\":\"EntryPoint\",\"urlTemplate\":\"https:\/\/glommersbygden.se\/?s={search_term_string}\"},\"query-input\":{\"@type\":\"PropertyValueSpecification\",\"valueRequired\":true,\"valueName\":\"search_term_string\"}}],\"inLanguage\":\"en-US\"},{\"@type\":\"Organization\",\"@id\":\"https:\/\/glommersbygden.se\/#organization\",\"name\":\"Glommersbygden\",\"url\":\"https:\/\/glommersbygden.se\/\",\"logo\":{\"@type\":\"ImageObject\",\"inLanguage\":\"en-US\",\"@id\":\"https:\/\/glommersbygden.se\/#\/schema\/logo\/image\/\",\"url\":\"https:\/\/glommersbygden.se\/wp-content\/uploads\/2023\/09\/cropped-logo-mini-hemsida.png\",\"contentUrl\":\"https:\/\/glommersbygden.se\/wp-content\/uploads\/2023\/09\/cropped-logo-mini-hemsida.png\",\"width\":512,\"height\":512,\"caption\":\"Glommersbygden\"},\"image\":{\"@id\":\"https:\/\/glommersbygden.se\/#\/schema\/logo\/image\/\"},\"sameAs\":[\"https:\/\/www.facebook.com\/glommerstrask\",\"https:\/\/www.instagram.com\/glommerstrask_glommersbygden\/\",\"https:\/\/www.youtube.com\/@RelocateLapland-glommers\"]}]}<\/script>\n<!-- \/ Yoast SEO plugin. -->","yoast_head_json":{"title":"Se & G\u00f6ra - Glommerstr\u00e4sk | Glommersbygden","robots":{"index":"index","follow":"follow","max-snippet":"max-snippet:-1","max-image-preview":"max-image-preview:large","max-video-preview":"max-video-preview:-1"},"canonical":"https:\/\/glommersbygden.se\/en\/seochgora\/","og_locale":"en_US","og_type":"article","og_title":"Se & G\u00f6ra - Glommerstr\u00e4sk | Glommersbygden","og_description":"Vad kan man g\u00f6ra n\u00e4r man \u00e4r i Glommerstr\u00e4sk, Glommersbygden? H\u00e4r samlar vi all information som du kan t\u00e4nkas beh\u00f6va f\u00f6r att g\u00f6ra din upplevelse h\u00e4r s\u00e5 bra som m\u00f6jligt!","og_url":"https:\/\/glommersbygden.se\/en\/seochgora\/","og_site_name":"Glommerstr\u00e4sk | Glommersbygden","article_publisher":"https:\/\/www.facebook.com\/glommerstrask","article_modified_time":"2023-08-31T22:01:52+00:00","og_image":[{"width":1080,"height":720,"url":"https:\/\/glommersbygden.se\/wp-content\/uploads\/2023\/08\/MG_7512.jpg","type":"image\/jpeg"}],"twitter_card":"summary_large_image","schema":{"@context":"https:\/\/schema.org","@graph":[{"@type":"WebPage","@id":"https:\/\/glommersbygden.se\/seochgora\/","url":"https:\/\/glommersbygden.se\/seochgora\/","name":"Se & G\u00f6ra - Glommerstr\u00e4sk | Glommersbygden","isPartOf":{"@id":"https:\/\/glommersbygden.se\/#website"},"primaryImageOfPage":{"@id":"https:\/\/glommersbygden.se\/seochgora\/#primaryimage"},"image":{"@id":"https:\/\/glommersbygden.se\/seochgora\/#primaryimage"},"thumbnailUrl":"https:\/\/glommersbygden.se\/wp-content\/uploads\/2023\/08\/MG_7512.jpg","datePublished":"2023-08-31T21:58:10+00:00","dateModified":"2023-08-31T22:01:52+00:00","breadcrumb":{"@id":"https:\/\/glommersbygden.se\/seochgora\/#breadcrumb"},"inLanguage":"en-US","potentialAction":[{"@type":"ReadAction","target":["https:\/\/glommersbygden.se\/seochgora\/"]}]},{"@type":"ImageObject","inLanguage":"en-US","@id":"https:\/\/glommersbygden.se\/seochgora\/#primaryimage","url":"https:\/\/glommersbygden.se\/wp-content\/uploads\/2023\/08\/MG_7512.jpg","contentUrl":"https:\/\/glommersbygden.se\/wp-content\/uploads\/2023\/08\/MG_7512.jpg","width":1080,"height":720,"caption":"Norrsken, Glommerstr\u00e4sk, Glommersbygden, Arvidsjaur, Missentr\u00e4sk"},{"@type":"BreadcrumbList","@id":"https:\/\/glommersbygden.se\/seochgora\/#breadcrumb","itemListElement":[{"@type":"ListItem","position":1,"name":"Hem","item":"https:\/\/glommersbygden.se\/"},{"@type":"ListItem","position":2,"name":"Se &#038; G\u00f6ra"}]},{"@type":"WebSite","@id":"https:\/\/glommersbygden.se\/#website","url":"https:\/\/glommersbygden.se\/","name":"Glommersbygden - Glommerstr\u00e4sk","description":"Inlandsdr\u00f6m mellan kust och fj\u00e4ll","publisher":{"@id":"https:\/\/glommersbygden.se\/#organization"},"alternateName":"Glommers","potentialAction":[{"@type":"SearchAction","target":{"@type":"EntryPoint","urlTemplate":"https:\/\/glommersbygden.se\/?s={search_term_string}"},"query-input":{"@type":"PropertyValueSpecification","valueRequired":true,"valueName":"search_term_string"}}],"inLanguage":"en-US"},{"@type":"Organization","@id":"https:\/\/glommersbygden.se\/#organization","name":"Glommersbygden","url":"https:\/\/glommersbygden.se\/","logo":{"@type":"ImageObject","inLanguage":"en-US","@id":"https:\/\/glommersbygden.se\/#\/schema\/logo\/image\/","url":"https:\/\/glommersbygden.se\/wp-content\/uploads\/2023\/09\/cropped-logo-mini-hemsida.png","contentUrl":"https:\/\/glommersbygden.se\/wp-content\/uploads\/2023\/09\/cropped-logo-mini-hemsida.png","width":512,"height":512,"caption":"Glommersbygden"},"image":{"@id":"https:\/\/glommersbygden.se\/#\/schema\/logo\/image\/"},"sameAs":["https:\/\/www.facebook.com\/glommerstrask","https:\/\/www.instagram.com\/glommerstrask_glommersbygden\/","https:\/\/www.youtube.com\/@RelocateLapland-glommers"]}]}},"_links":{"self":[{"href":"https:\/\/glommersbygden.se\/en\/wp-json\/wp\/v2\/pages\/2279","targetHints":{"allow":["GET"]}}],"collection":[{"href":"https:\/\/glommersbygden.se\/en\/wp-json\/wp\/v2\/pages"}],"about":[{"href":"https:\/\/glommersbygden.se\/en\/wp-json\/wp\/v2\/types\/page"}],"author":[{"embeddable":true,"href":"https:\/\/glommersbygden.se\/en\/wp-json\/wp\/v2\/users\/1"}],"replies":[{"embeddable":true,"href":"https:\/\/glommersbygden.se\/en\/wp-json\/wp\/v2\/comments?post=2279"}],"version-history":[{"count":7,"href":"https:\/\/glommersbygden.se\/en\/wp-json\/wp\/v2\/pages\/2279\/revisions"}],"predecessor-version":[{"id":2286,"href":"https:\/\/glommersbygden.se\/en\/wp-json\/wp\/v2\/pages\/2279\/revisions\/2286"}],"wp:featuredmedia":[{"embeddable":true,"href":"https:\/\/glommersbygden.se\/en\/wp-json\/wp\/v2\/media\/1705"}],"wp:attachment":[{"href":"https:\/\/glommersbygden.se\/en\/wp-json\/wp\/v2\/media?parent=2279"}],"curies":[{"name":"wp","href":"https:\/\/api.w.org\/{rel}","templated":true}]}}