{"id":2728,"date":"2023-09-05T08:38:12","date_gmt":"2023-09-05T08:38:12","guid":{"rendered":"https:\/\/glommersbygden.se\/?page_id=2728"},"modified":"2023-09-05T08:41:12","modified_gmt":"2023-09-05T08:41:12","slug":"glommersbygden-flik","status":"publish","type":"page","link":"https:\/\/glommersbygden.se\/en\/glommersbygden-flik\/","title":{"rendered":"Glommersbygden flik"},"content":{"rendered":"<div data-elementor-type=\"wp-page\" data-elementor-id=\"2728\" class=\"elementor elementor-2728\" data-elementor-post-type=\"page\">\n\t\t\t\t\t\t<section class=\"elementor-section elementor-top-section elementor-element elementor-element-642e901 elementor-section-full_width elementor-section-height-default elementor-section-height-default\" data-id=\"642e901\" data-element_type=\"section\" data-settings=\"{&quot;background_background&quot;:&quot;classic&quot;}\">\n\t\t\t\t\t\t<div class=\"elementor-container elementor-column-gap-default\">\n\t\t\t\t\t<div class=\"elementor-column elementor-col-100 elementor-top-column elementor-element elementor-element-50ac9af\" data-id=\"50ac9af\" data-element_type=\"column\">\n\t\t\t<div class=\"elementor-widget-wrap elementor-element-populated\">\n\t\t\t\t\t\t<div class=\"elementor-element elementor-element-ac0bddd elementor-widget elementor-widget-spacer\" data-id=\"ac0bddd\" data-element_type=\"widget\" data-widget_type=\"spacer.default\">\n\t\t\t\t<div class=\"elementor-widget-container\">\n\t\t\t\t\t<div class=\"elementor-spacer\">\n\t\t\t<div class=\"elementor-spacer-inner\"><\/div>\n\t\t<\/div>\n\t\t\t\t<\/div>\n\t\t\t\t<\/div>\n\t\t\t\t<section class=\"elementor-section elementor-inner-section elementor-element elementor-element-6c85923 elementor-section-boxed elementor-section-height-default elementor-section-height-default\" data-id=\"6c85923\" data-element_type=\"section\">\n\t\t\t\t\t\t<div class=\"elementor-container elementor-column-gap-default\">\n\t\t\t\t\t<div class=\"elementor-column elementor-col-50 elementor-inner-column elementor-element elementor-element-09149b8\" data-id=\"09149b8\" data-element_type=\"column\">\n\t\t\t<div class=\"elementor-widget-wrap elementor-element-populated\">\n\t\t\t\t\t\t<div class=\"elementor-element elementor-element-4be4369 elementor-cta--skin-cover elementor-animated-content elementor-bg-transform elementor-bg-transform-zoom-in elementor-widget elementor-widget-call-to-action\" data-id=\"4be4369\" data-element_type=\"widget\" data-widget_type=\"call-to-action.default\">\n\t\t\t\t<div class=\"elementor-widget-container\">\n\t\t\t\t\t<div class=\"elementor-cta\">\n\t\t\t\t\t<div class=\"elementor-cta__bg-wrapper\">\n\t\t\t\t<div class=\"elementor-cta__bg elementor-bg\" style=\"background-image: url();\" role=\"img\" aria-label=\"\"><\/div>\n\t\t\t\t<div class=\"elementor-cta__bg-overlay\"><\/div>\n\t\t\t<\/div>\n\t\t\t\t\t\t\t<div class=\"elementor-cta__content\">\n\t\t\t\t\n\t\t\t\t\t\t\t\t\t<h2 class=\"elementor-cta__title elementor-cta__content-item elementor-content-item elementor-animated-item--grow\">\n\t\t\t\t\t\tService\t\t\t\t\t<\/h2>\n\t\t\t\t\n\t\t\t\t\t\t\t\t\t<div class=\"elementor-cta__description elementor-cta__content-item elementor-content-item elementor-animated-item--grow\">\n\t\t\t\t\t\tL\u00e4s h\u00e4r vilken service Glommersbygden har att erbjuda\t\t\t\t\t<\/div>\n\t\t\t\t\n\t\t\t\t\t\t\t\t\t<div class=\"elementor-cta__button-wrapper elementor-cta__content-item elementor-content-item elementor-animated-item--grow\">\n\t\t\t\t\t<a class=\"elementor-cta__button elementor-button elementor-size-\" href=\"https:\/\/glommersbygden.se\/en\/service\/\">\n\t\t\t\t\t\tG\u00e5 till sidan h\u00e4r\t\t\t\t\t<\/a>\n\t\t\t\t\t<\/div>\n\t\t\t\t\t\t\t<\/div>\n\t\t\t\t\t\t<\/div>\n\t\t\t\t<\/div>\n\t\t\t\t<\/div>\n\t\t\t\t\t<\/div>\n\t\t<\/div>\n\t\t\t\t<div class=\"elementor-column elementor-col-50 elementor-inner-column elementor-element elementor-element-b418a87\" data-id=\"b418a87\" data-element_type=\"column\">\n\t\t\t<div class=\"elementor-widget-wrap elementor-element-populated\">\n\t\t\t\t\t\t<div class=\"elementor-element elementor-element-2e6d9b2 elementor-cta--skin-cover elementor-animated-content elementor-bg-transform elementor-bg-transform-zoom-in elementor-widget elementor-widget-call-to-action\" data-id=\"2e6d9b2\" data-element_type=\"widget\" data-widget_type=\"call-to-action.default\">\n\t\t\t\t<div class=\"elementor-widget-container\">\n\t\t\t\t\t<div class=\"elementor-cta\">\n\t\t\t\t\t<div class=\"elementor-cta__bg-wrapper\">\n\t\t\t\t<div class=\"elementor-cta__bg elementor-bg\" style=\"background-image: url();\" role=\"img\" aria-label=\"\"><\/div>\n\t\t\t\t<div class=\"elementor-cta__bg-overlay\"><\/div>\n\t\t\t<\/div>\n\t\t\t\t\t\t\t<div class=\"elementor-cta__content\">\n\t\t\t\t\n\t\t\t\t\t\t\t\t\t<h2 class=\"elementor-cta__title elementor-cta__content-item elementor-content-item elementor-animated-item--grow\">\n\t\t\t\t\t\tLeisure activities\t\t\t\t\t<\/h2>\n\t\t\t\t\n\t\t\t\t\t\t\t\t\t<div class=\"elementor-cta__description elementor-cta__content-item elementor-content-item elementor-animated-item--grow\">\n\t\t\t\t\t\tL\u00e4s h\u00e4r vilka olika fritidsaktiviteter Glommersbygden har att erbjuda\t\t\t\t\t<\/div>\n\t\t\t\t\n\t\t\t\t\t\t\t\t\t<div class=\"elementor-cta__button-wrapper elementor-cta__content-item elementor-content-item elementor-animated-item--grow\">\n\t\t\t\t\t<a class=\"elementor-cta__button elementor-button elementor-size-\" href=\"https:\/\/glommersbygden.se\/en\/fritidsaktiviteter\/\">\n\t\t\t\t\t\tG\u00e5 till sidan h\u00e4r\t\t\t\t\t<\/a>\n\t\t\t\t\t<\/div>\n\t\t\t\t\t\t\t<\/div>\n\t\t\t\t\t\t<\/div>\n\t\t\t\t<\/div>\n\t\t\t\t<\/div>\n\t\t\t\t\t<\/div>\n\t\t<\/div>\n\t\t\t\t\t<\/div>\n\t\t<\/section>\n\t\t\t\t<section class=\"elementor-section elementor-inner-section elementor-element elementor-element-a65980a elementor-section-boxed elementor-section-height-default elementor-section-height-default\" data-id=\"a65980a\" data-element_type=\"section\">\n\t\t\t\t\t\t<div class=\"elementor-container elementor-column-gap-default\">\n\t\t\t\t\t<div class=\"elementor-column elementor-col-50 elementor-inner-column elementor-element elementor-element-e178cc6\" data-id=\"e178cc6\" data-element_type=\"column\">\n\t\t\t<div class=\"elementor-widget-wrap elementor-element-populated\">\n\t\t\t\t\t\t<div class=\"elementor-element elementor-element-637cf56 elementor-cta--skin-cover elementor-animated-content elementor-bg-transform elementor-bg-transform-zoom-in elementor-widget elementor-widget-call-to-action\" data-id=\"637cf56\" data-element_type=\"widget\" data-widget_type=\"call-to-action.default\">\n\t\t\t\t<div class=\"elementor-widget-container\">\n\t\t\t\t\t<div class=\"elementor-cta\">\n\t\t\t\t\t<div class=\"elementor-cta__bg-wrapper\">\n\t\t\t\t<div class=\"elementor-cta__bg elementor-bg\" style=\"background-image: url();\" role=\"img\" aria-label=\"\"><\/div>\n\t\t\t\t<div class=\"elementor-cta__bg-overlay\"><\/div>\n\t\t\t<\/div>\n\t\t\t\t\t\t\t<div class=\"elementor-cta__content\">\n\t\t\t\t\n\t\t\t\t\t\t\t\t\t<h2 class=\"elementor-cta__title elementor-cta__content-item elementor-content-item elementor-animated-item--grow\">\n\t\t\t\t\t\tAssociations\t\t\t\t\t<\/h2>\n\t\t\t\t\n\t\t\t\t\t\t\t\t\t<div class=\"elementor-cta__description elementor-cta__content-item elementor-content-item elementor-animated-item--grow\">\n\t\t\t\t\t\tL\u00e4s h\u00e4r vilka f\u00f6reningar som finns i bygden och det f\u00f6reningsliv som du kan vara en del utav,\t\t\t\t\t<\/div>\n\t\t\t\t\n\t\t\t\t\t\t\t\t\t<div class=\"elementor-cta__button-wrapper elementor-cta__content-item elementor-content-item elementor-animated-item--grow\">\n\t\t\t\t\t<a class=\"elementor-cta__button elementor-button elementor-size-\" href=\"https:\/\/glommersbygden.se\/en\/foreningar\/\">\n\t\t\t\t\t\tG\u00e5 till sidan h\u00e4r\t\t\t\t\t<\/a>\n\t\t\t\t\t<\/div>\n\t\t\t\t\t\t\t<\/div>\n\t\t\t\t\t\t<\/div>\n\t\t\t\t<\/div>\n\t\t\t\t<\/div>\n\t\t\t\t\t<\/div>\n\t\t<\/div>\n\t\t\t\t<div class=\"elementor-column elementor-col-50 elementor-inner-column elementor-element elementor-element-8f82fd9\" data-id=\"8f82fd9\" data-element_type=\"column\">\n\t\t\t<div class=\"elementor-widget-wrap elementor-element-populated\">\n\t\t\t\t\t\t<div class=\"elementor-element elementor-element-edbd15d elementor-cta--skin-cover elementor-animated-content elementor-bg-transform elementor-bg-transform-zoom-in elementor-widget elementor-widget-call-to-action\" data-id=\"edbd15d\" data-element_type=\"widget\" data-widget_type=\"call-to-action.default\">\n\t\t\t\t<div class=\"elementor-widget-container\">\n\t\t\t\t\t<div class=\"elementor-cta\">\n\t\t\t\t\t<div class=\"elementor-cta__bg-wrapper\">\n\t\t\t\t<div class=\"elementor-cta__bg elementor-bg\" style=\"background-image: url();\" role=\"img\" aria-label=\"\"><\/div>\n\t\t\t\t<div class=\"elementor-cta__bg-overlay\"><\/div>\n\t\t\t<\/div>\n\t\t\t\t\t\t\t<div class=\"elementor-cta__content\">\n\t\t\t\t\n\t\t\t\t\t\t\t\t\t<h2 class=\"elementor-cta__title elementor-cta__content-item elementor-content-item elementor-animated-item--grow\">\n\t\t\t\t\t\tEducation\t\t\t\t\t<\/h2>\n\t\t\t\t\n\t\t\t\t\t\t\t\t\t<div class=\"elementor-cta__description elementor-cta__content-item elementor-content-item elementor-animated-item--grow\">\n\t\t\t\t\t\tL\u00e4s h\u00e4r vilken typ av utbildning som finns i Glommersbygden, f\u00f6r b\u00e5de stora och sm\u00e5\t\t\t\t\t<\/div>\n\t\t\t\t\n\t\t\t\t\t\t\t\t\t<div class=\"elementor-cta__button-wrapper elementor-cta__content-item elementor-content-item elementor-animated-item--grow\">\n\t\t\t\t\t<a class=\"elementor-cta__button elementor-button elementor-size-\" href=\"https:\/\/glommersbygden.se\/en\/utbildning\/\">\n\t\t\t\t\t\tG\u00e5 till sidan h\u00e4r\t\t\t\t\t<\/a>\n\t\t\t\t\t<\/div>\n\t\t\t\t\t\t\t<\/div>\n\t\t\t\t\t\t<\/div>\n\t\t\t\t<\/div>\n\t\t\t\t<\/div>\n\t\t\t\t\t<\/div>\n\t\t<\/div>\n\t\t\t\t\t<\/div>\n\t\t<\/section>\n\t\t\t\t<section class=\"elementor-section elementor-inner-section elementor-element elementor-element-2f99324 elementor-section-boxed elementor-section-height-default elementor-section-height-default\" data-id=\"2f99324\" data-element_type=\"section\">\n\t\t\t\t\t\t<div class=\"elementor-container elementor-column-gap-default\">\n\t\t\t\t\t<div class=\"elementor-column elementor-col-50 elementor-inner-column elementor-element elementor-element-199154b\" data-id=\"199154b\" data-element_type=\"column\">\n\t\t\t<div class=\"elementor-widget-wrap elementor-element-populated\">\n\t\t\t\t\t\t<div class=\"elementor-element elementor-element-95bd95f elementor-cta--skin-cover elementor-animated-content elementor-bg-transform elementor-bg-transform-zoom-in elementor-widget elementor-widget-call-to-action\" data-id=\"95bd95f\" data-element_type=\"widget\" data-widget_type=\"call-to-action.default\">\n\t\t\t\t<div class=\"elementor-widget-container\">\n\t\t\t\t\t<div class=\"elementor-cta\">\n\t\t\t\t\t<div class=\"elementor-cta__bg-wrapper\">\n\t\t\t\t<div class=\"elementor-cta__bg elementor-bg\" style=\"background-image: url();\" role=\"img\" aria-label=\"\"><\/div>\n\t\t\t\t<div class=\"elementor-cta__bg-overlay\"><\/div>\n\t\t\t<\/div>\n\t\t\t\t\t\t\t<div class=\"elementor-cta__content\">\n\t\t\t\t\n\t\t\t\t\t\t\t\t\t<h2 class=\"elementor-cta__title elementor-cta__content-item elementor-content-item elementor-animated-item--grow\">\n\t\t\t\t\t\tAvfall och Sopor\t\t\t\t\t<\/h2>\n\t\t\t\t\n\t\t\t\t\t\t\t\t\t<div class=\"elementor-cta__description elementor-cta__content-item elementor-content-item elementor-animated-item--grow\">\n\t\t\t\t\t\tL\u00e4s allt du beh\u00f6ver veta om avfall och sopor h\u00e4r\t\t\t\t\t<\/div>\n\t\t\t\t\n\t\t\t\t\t\t\t\t\t<div class=\"elementor-cta__button-wrapper elementor-cta__content-item elementor-content-item elementor-animated-item--grow\">\n\t\t\t\t\t<a class=\"elementor-cta__button elementor-button elementor-size-\" href=\"https:\/\/glommersbygden.se\/en\/avfall-sopor\/\">\n\t\t\t\t\t\tG\u00e5 till sidan h\u00e4r\t\t\t\t\t<\/a>\n\t\t\t\t\t<\/div>\n\t\t\t\t\t\t\t<\/div>\n\t\t\t\t\t\t<\/div>\n\t\t\t\t<\/div>\n\t\t\t\t<\/div>\n\t\t\t\t\t<\/div>\n\t\t<\/div>\n\t\t\t\t<div class=\"elementor-column elementor-col-50 elementor-inner-column elementor-element elementor-element-f5730d8\" data-id=\"f5730d8\" data-element_type=\"column\">\n\t\t\t<div class=\"elementor-widget-wrap\">\n\t\t\t\t\t\t\t<\/div>\n\t\t<\/div>\n\t\t\t\t\t<\/div>\n\t\t<\/section>\n\t\t\t\t<div class=\"elementor-element elementor-element-cc0cd98 elementor-widget elementor-widget-spacer\" data-id=\"cc0cd98\" data-element_type=\"widget\" data-widget_type=\"spacer.default\">\n\t\t\t\t<div class=\"elementor-widget-container\">\n\t\t\t\t\t<div class=\"elementor-spacer\">\n\t\t\t<div class=\"elementor-spacer-inner\"><\/div>\n\t\t<\/div>\n\t\t\t\t<\/div>\n\t\t\t\t<\/div>\n\t\t\t\t\t<\/div>\n\t\t<\/div>\n\t\t\t\t\t<\/div>\n\t\t<\/section>\n\t\t\t\t<\/div>","protected":false},"excerpt":{"rendered":"<p>Service L\u00e4s h\u00e4r vilken service Glommersbygden har att erbjuda G\u00e5 till sidan h\u00e4r Fritidsaktiviteter L\u00e4s h\u00e4r vilka olika fritidsaktiviteter Glommersbygden har att erbjuda G\u00e5 till sidan h\u00e4r F\u00f6reningar L\u00e4s h\u00e4r [&hellip;]<\/p>","protected":false},"author":1,"featured_media":0,"parent":0,"menu_order":0,"comment_status":"closed","ping_status":"closed","template":"","meta":{"footnotes":""},"class_list":["post-2728","page","type-page","status-publish","hentry"],"yoast_head":"<!-- This site is optimized with the Yoast SEO plugin v26.3 - https:\/\/yoast.com\/wordpress\/plugins\/seo\/ -->\n<title>Glommersbygden flik - Glommerstr\u00e4sk | Glommersbygden<\/title>\n<meta name=\"robots\" content=\"index, follow, max-snippet:-1, max-image-preview:large, max-video-preview:-1\" \/>\n<link rel=\"canonical\" href=\"https:\/\/glommersbygden.se\/en\/glommersbygden-flik\/\" \/>\n<meta property=\"og:locale\" content=\"en_US\" \/>\n<meta property=\"og:type\" content=\"article\" \/>\n<meta property=\"og:title\" content=\"Glommersbygden flik - Glommerstr\u00e4sk | Glommersbygden\" \/>\n<meta property=\"og:description\" content=\"Service L\u00e4s h\u00e4r vilken service Glommersbygden har att erbjuda G\u00e5 till sidan h\u00e4r Fritidsaktiviteter L\u00e4s h\u00e4r vilka olika fritidsaktiviteter Glommersbygden har att erbjuda G\u00e5 till sidan h\u00e4r F\u00f6reningar L\u00e4s h\u00e4r [&hellip;]\" \/>\n<meta property=\"og:url\" content=\"https:\/\/glommersbygden.se\/en\/glommersbygden-flik\/\" \/>\n<meta property=\"og:site_name\" content=\"Glommerstr\u00e4sk | Glommersbygden\" \/>\n<meta property=\"article:publisher\" content=\"https:\/\/www.facebook.com\/glommerstrask\" \/>\n<meta property=\"article:modified_time\" content=\"2023-09-05T08:41:12+00:00\" \/>\n<meta property=\"og:image\" content=\"https:\/\/glommersbygden.se\/wp-content\/uploads\/2023\/08\/10710348_10152716922061221_1698684569478138036_o.jpg\" \/>\n\t<meta property=\"og:image:width\" content=\"1500\" \/>\n\t<meta property=\"og:image:height\" content=\"1000\" \/>\n\t<meta property=\"og:image:type\" content=\"image\/jpeg\" \/>\n<meta name=\"twitter:card\" content=\"summary_large_image\" \/>\n<meta name=\"twitter:label1\" content=\"Est. reading time\" \/>\n\t<meta name=\"twitter:data1\" content=\"1 minute\" \/>\n<script type=\"application\/ld+json\" class=\"yoast-schema-graph\">{\"@context\":\"https:\/\/schema.org\",\"@graph\":[{\"@type\":\"WebPage\",\"@id\":\"https:\/\/glommersbygden.se\/glommersbygden-flik\/\",\"url\":\"https:\/\/glommersbygden.se\/glommersbygden-flik\/\",\"name\":\"Glommersbygden flik - Glommerstr\u00e4sk | Glommersbygden\",\"isPartOf\":{\"@id\":\"https:\/\/glommersbygden.se\/#website\"},\"datePublished\":\"2023-09-05T08:38:12+00:00\",\"dateModified\":\"2023-09-05T08:41:12+00:00\",\"breadcrumb\":{\"@id\":\"https:\/\/glommersbygden.se\/glommersbygden-flik\/#breadcrumb\"},\"inLanguage\":\"en-US\",\"potentialAction\":[{\"@type\":\"ReadAction\",\"target\":[\"https:\/\/glommersbygden.se\/glommersbygden-flik\/\"]}]},{\"@type\":\"BreadcrumbList\",\"@id\":\"https:\/\/glommersbygden.se\/glommersbygden-flik\/#breadcrumb\",\"itemListElement\":[{\"@type\":\"ListItem\",\"position\":1,\"name\":\"Hem\",\"item\":\"https:\/\/glommersbygden.se\/\"},{\"@type\":\"ListItem\",\"position\":2,\"name\":\"Glommersbygden flik\"}]},{\"@type\":\"WebSite\",\"@id\":\"https:\/\/glommersbygden.se\/#website\",\"url\":\"https:\/\/glommersbygden.se\/\",\"name\":\"Glommersbygden - Glommerstr\u00e4sk\",\"description\":\"Inlandsdr\u00f6m mellan kust och fj\u00e4ll\",\"publisher\":{\"@id\":\"https:\/\/glommersbygden.se\/#organization\"},\"alternateName\":\"Glommers\",\"potentialAction\":[{\"@type\":\"SearchAction\",\"target\":{\"@type\":\"EntryPoint\",\"urlTemplate\":\"https:\/\/glommersbygden.se\/?s={search_term_string}\"},\"query-input\":{\"@type\":\"PropertyValueSpecification\",\"valueRequired\":true,\"valueName\":\"search_term_string\"}}],\"inLanguage\":\"en-US\"},{\"@type\":\"Organization\",\"@id\":\"https:\/\/glommersbygden.se\/#organization\",\"name\":\"Glommersbygden\",\"url\":\"https:\/\/glommersbygden.se\/\",\"logo\":{\"@type\":\"ImageObject\",\"inLanguage\":\"en-US\",\"@id\":\"https:\/\/glommersbygden.se\/#\/schema\/logo\/image\/\",\"url\":\"https:\/\/glommersbygden.se\/wp-content\/uploads\/2023\/09\/cropped-logo-mini-hemsida.png\",\"contentUrl\":\"https:\/\/glommersbygden.se\/wp-content\/uploads\/2023\/09\/cropped-logo-mini-hemsida.png\",\"width\":512,\"height\":512,\"caption\":\"Glommersbygden\"},\"image\":{\"@id\":\"https:\/\/glommersbygden.se\/#\/schema\/logo\/image\/\"},\"sameAs\":[\"https:\/\/www.facebook.com\/glommerstrask\",\"https:\/\/www.instagram.com\/glommerstrask_glommersbygden\/\",\"https:\/\/www.youtube.com\/@RelocateLapland-glommers\"]}]}<\/script>\n<!-- \/ Yoast SEO plugin. -->","yoast_head_json":{"title":"Glommersbygden flik - Glommerstr\u00e4sk | Glommersbygden","robots":{"index":"index","follow":"follow","max-snippet":"max-snippet:-1","max-image-preview":"max-image-preview:large","max-video-preview":"max-video-preview:-1"},"canonical":"https:\/\/glommersbygden.se\/en\/glommersbygden-flik\/","og_locale":"en_US","og_type":"article","og_title":"Glommersbygden flik - Glommerstr\u00e4sk | Glommersbygden","og_description":"Service L\u00e4s h\u00e4r vilken service Glommersbygden har att erbjuda G\u00e5 till sidan h\u00e4r Fritidsaktiviteter L\u00e4s h\u00e4r vilka olika fritidsaktiviteter Glommersbygden har att erbjuda G\u00e5 till sidan h\u00e4r F\u00f6reningar L\u00e4s h\u00e4r [&hellip;]","og_url":"https:\/\/glommersbygden.se\/en\/glommersbygden-flik\/","og_site_name":"Glommerstr\u00e4sk | Glommersbygden","article_publisher":"https:\/\/www.facebook.com\/glommerstrask","article_modified_time":"2023-09-05T08:41:12+00:00","og_image":[{"width":1500,"height":1000,"url":"https:\/\/glommersbygden.se\/wp-content\/uploads\/2023\/08\/10710348_10152716922061221_1698684569478138036_o.jpg","type":"image\/jpeg"}],"twitter_card":"summary_large_image","twitter_misc":{"Est. reading time":"1 minute"},"schema":{"@context":"https:\/\/schema.org","@graph":[{"@type":"WebPage","@id":"https:\/\/glommersbygden.se\/glommersbygden-flik\/","url":"https:\/\/glommersbygden.se\/glommersbygden-flik\/","name":"Glommersbygden flik - Glommerstr\u00e4sk | Glommersbygden","isPartOf":{"@id":"https:\/\/glommersbygden.se\/#website"},"datePublished":"2023-09-05T08:38:12+00:00","dateModified":"2023-09-05T08:41:12+00:00","breadcrumb":{"@id":"https:\/\/glommersbygden.se\/glommersbygden-flik\/#breadcrumb"},"inLanguage":"en-US","potentialAction":[{"@type":"ReadAction","target":["https:\/\/glommersbygden.se\/glommersbygden-flik\/"]}]},{"@type":"BreadcrumbList","@id":"https:\/\/glommersbygden.se\/glommersbygden-flik\/#breadcrumb","itemListElement":[{"@type":"ListItem","position":1,"name":"Hem","item":"https:\/\/glommersbygden.se\/"},{"@type":"ListItem","position":2,"name":"Glommersbygden flik"}]},{"@type":"WebSite","@id":"https:\/\/glommersbygden.se\/#website","url":"https:\/\/glommersbygden.se\/","name":"Glommersbygden - Glommerstr\u00e4sk","description":"Inlandsdr\u00f6m mellan kust och fj\u00e4ll","publisher":{"@id":"https:\/\/glommersbygden.se\/#organization"},"alternateName":"Glommers","potentialAction":[{"@type":"SearchAction","target":{"@type":"EntryPoint","urlTemplate":"https:\/\/glommersbygden.se\/?s={search_term_string}"},"query-input":{"@type":"PropertyValueSpecification","valueRequired":true,"valueName":"search_term_string"}}],"inLanguage":"en-US"},{"@type":"Organization","@id":"https:\/\/glommersbygden.se\/#organization","name":"Glommersbygden","url":"https:\/\/glommersbygden.se\/","logo":{"@type":"ImageObject","inLanguage":"en-US","@id":"https:\/\/glommersbygden.se\/#\/schema\/logo\/image\/","url":"https:\/\/glommersbygden.se\/wp-content\/uploads\/2023\/09\/cropped-logo-mini-hemsida.png","contentUrl":"https:\/\/glommersbygden.se\/wp-content\/uploads\/2023\/09\/cropped-logo-mini-hemsida.png","width":512,"height":512,"caption":"Glommersbygden"},"image":{"@id":"https:\/\/glommersbygden.se\/#\/schema\/logo\/image\/"},"sameAs":["https:\/\/www.facebook.com\/glommerstrask","https:\/\/www.instagram.com\/glommerstrask_glommersbygden\/","https:\/\/www.youtube.com\/@RelocateLapland-glommers"]}]}},"_links":{"self":[{"href":"https:\/\/glommersbygden.se\/en\/wp-json\/wp\/v2\/pages\/2728","targetHints":{"allow":["GET"]}}],"collection":[{"href":"https:\/\/glommersbygden.se\/en\/wp-json\/wp\/v2\/pages"}],"about":[{"href":"https:\/\/glommersbygden.se\/en\/wp-json\/wp\/v2\/types\/page"}],"author":[{"embeddable":true,"href":"https:\/\/glommersbygden.se\/en\/wp-json\/wp\/v2\/users\/1"}],"replies":[{"embeddable":true,"href":"https:\/\/glommersbygden.se\/en\/wp-json\/wp\/v2\/comments?post=2728"}],"version-history":[{"count":7,"href":"https:\/\/glommersbygden.se\/en\/wp-json\/wp\/v2\/pages\/2728\/revisions"}],"predecessor-version":[{"id":2735,"href":"https:\/\/glommersbygden.se\/en\/wp-json\/wp\/v2\/pages\/2728\/revisions\/2735"}],"wp:attachment":[{"href":"https:\/\/glommersbygden.se\/en\/wp-json\/wp\/v2\/media?parent=2728"}],"curies":[{"name":"wp","href":"https:\/\/api.w.org\/{rel}","templated":true}]}}