{"id":399,"date":"2023-08-02T18:22:48","date_gmt":"2023-08-02T18:22:48","guid":{"rendered":"http:\/\/glommersbygden.se\/?page_id=399"},"modified":"2024-03-01T16:59:23","modified_gmt":"2024-03-01T16:59:23","slug":"vad-hander-i-glommersbygden","status":"publish","type":"page","link":"https:\/\/glommersbygden.se\/en\/vad-hander-i-glommersbygden\/","title":{"rendered":"Calendar"},"content":{"rendered":"<div data-elementor-type=\"wp-page\" data-elementor-id=\"399\" class=\"elementor elementor-399\" data-elementor-post-type=\"page\">\n\t\t\t\t\t\t<section class=\"elementor-section elementor-top-section elementor-element elementor-element-acf5b1d elementor-section-full_width elementor-section-height-default elementor-section-height-default\" data-id=\"acf5b1d\" data-element_type=\"section\" data-settings=\"{&quot;background_background&quot;:&quot;classic&quot;}\">\n\t\t\t\t\t\t\t<div class=\"elementor-background-overlay\"><\/div>\n\t\t\t\t\t\t\t<div class=\"elementor-container elementor-column-gap-default\">\n\t\t\t\t\t<div class=\"elementor-column elementor-col-100 elementor-top-column elementor-element elementor-element-f93e2c8\" data-id=\"f93e2c8\" data-element_type=\"column\">\n\t\t\t<div class=\"elementor-widget-wrap elementor-element-populated\">\n\t\t\t\t\t\t<div class=\"elementor-element elementor-element-e0fd8e7 elementor-widget elementor-widget-spacer\" data-id=\"e0fd8e7\" data-element_type=\"widget\" data-widget_type=\"spacer.default\">\n\t\t\t\t<div class=\"elementor-widget-container\">\n\t\t\t\t\t<div class=\"elementor-spacer\">\n\t\t\t<div class=\"elementor-spacer-inner\"><\/div>\n\t\t<\/div>\n\t\t\t\t<\/div>\n\t\t\t\t<\/div>\n\t\t\t\t<div class=\"elementor-element elementor-element-656c8fd elementor-widget-mobile__width-initial elementor-invisible elementor-widget elementor-widget-heading\" data-id=\"656c8fd\" data-element_type=\"widget\" data-settings=\"{&quot;_animation&quot;:&quot;fadeIn&quot;}\" data-widget_type=\"heading.default\">\n\t\t\t\t<div class=\"elementor-widget-container\">\n\t\t\t<h2 class=\"elementor-heading-title elementor-size-default\">Vad h\u00e4nder i Glommersbygden?<\/h2>\t\t<\/div>\n\t\t\t\t<\/div>\n\t\t\t\t<div class=\"elementor-element elementor-element-3619983 elementor-invisible elementor-widget elementor-widget-text-editor\" data-id=\"3619983\" data-element_type=\"widget\" data-settings=\"{&quot;_animation&quot;:&quot;fadeIn&quot;}\" data-widget_type=\"text-editor.default\">\n\t\t\t\t<div class=\"elementor-widget-container\">\n\t\t\t\t\t\t\t<p style=\"text-align: center;\">Du \u00e4r endast ett steg fr\u00e5n att skapa nya bekantskaper, nya kunskaper eller kanske hitta nya utflyktsplatser.<br \/>Se h\u00e4r vilka evenemang eller annat sp\u00e4nnande som \u00e4r aktuellt i bygden just nu.<\/p><p style=\"text-align: center;\">Har du n\u00e5got arrangemang planerat som inte finns med h\u00e4r? Kontakta oss via\u00a0formul\u00e4ret\u00a0l\u00e4ngst ner s\u00e5 l\u00e4gger vi till det.<\/p>\t\t\t\t\t\t<\/div>\n\t\t\t\t<\/div>\n\t\t\t\t<div class=\"elementor-element elementor-element-dc63a72 elementor-widget elementor-widget-spacer\" data-id=\"dc63a72\" data-element_type=\"widget\" data-widget_type=\"spacer.default\">\n\t\t\t\t<div class=\"elementor-widget-container\">\n\t\t\t\t\t<div class=\"elementor-spacer\">\n\t\t\t<div class=\"elementor-spacer-inner\"><\/div>\n\t\t<\/div>\n\t\t\t\t<\/div>\n\t\t\t\t<\/div>\n\t\t\t\t\t<\/div>\n\t\t<\/div>\n\t\t\t\t\t<\/div>\n\t\t<\/section>\n\t\t\t\t<section class=\"elementor-section elementor-top-section elementor-element elementor-element-d1a0749 elementor-section-boxed elementor-section-height-default elementor-section-height-default\" data-id=\"d1a0749\" data-element_type=\"section\">\n\t\t\t\t\t\t<div class=\"elementor-container elementor-column-gap-default\">\n\t\t\t\t\t<div class=\"elementor-column elementor-col-100 elementor-top-column elementor-element elementor-element-00c0c8d\" data-id=\"00c0c8d\" data-element_type=\"column\">\n\t\t\t<div class=\"elementor-widget-wrap elementor-element-populated\">\n\t\t\t\t\t\t<div class=\"elementor-element elementor-element-11c5986 elementor-widget elementor-widget-spacer\" data-id=\"11c5986\" data-element_type=\"widget\" data-widget_type=\"spacer.default\">\n\t\t\t\t<div class=\"elementor-widget-container\">\n\t\t\t\t\t<div class=\"elementor-spacer\">\n\t\t\t<div class=\"elementor-spacer-inner\"><\/div>\n\t\t<\/div>\n\t\t\t\t<\/div>\n\t\t\t\t<\/div>\n\t\t\t\t\t<\/div>\n\t\t<\/div>\n\t\t\t\t\t<\/div>\n\t\t<\/section>\n\t\t\t\t<section class=\"elementor-section elementor-top-section elementor-element elementor-element-a5d0cc1 elementor-section-boxed elementor-section-height-default elementor-section-height-default\" data-id=\"a5d0cc1\" data-element_type=\"section\">\n\t\t\t\t\t\t<div class=\"elementor-container elementor-column-gap-default\">\n\t\t\t\t\t<div class=\"elementor-column elementor-col-100 elementor-top-column elementor-element elementor-element-6790119\" data-id=\"6790119\" data-element_type=\"column\">\n\t\t\t<div class=\"elementor-widget-wrap elementor-element-populated\">\n\t\t\t\t\t\t<div class=\"elementor-element elementor-element-756b3b3 elementor-widget elementor-widget-spacer\" data-id=\"756b3b3\" data-element_type=\"widget\" data-widget_type=\"spacer.default\">\n\t\t\t\t<div class=\"elementor-widget-container\">\n\t\t\t\t\t<div class=\"elementor-spacer\">\n\t\t\t<div class=\"elementor-spacer-inner\"><\/div>\n\t\t<\/div>\n\t\t\t\t<\/div>\n\t\t\t\t<\/div>\n\t\t\t\t<div class=\"elementor-element elementor-element-5949140 elementor-posts--align-left elementor-grid-3 elementor-grid-tablet-2 elementor-grid-mobile-1 elementor-posts--thumbnail-top elementor-card-shadow-yes elementor-posts__hover-gradient elementor-widget elementor-widget-posts\" data-id=\"5949140\" data-element_type=\"widget\" data-settings=\"{&quot;cards_columns&quot;:&quot;3&quot;,&quot;cards_columns_tablet&quot;:&quot;2&quot;,&quot;cards_columns_mobile&quot;:&quot;1&quot;,&quot;cards_row_gap&quot;:{&quot;unit&quot;:&quot;px&quot;,&quot;size&quot;:35,&quot;sizes&quot;:[]},&quot;cards_row_gap_tablet&quot;:{&quot;unit&quot;:&quot;px&quot;,&quot;size&quot;:&quot;&quot;,&quot;sizes&quot;:[]},&quot;cards_row_gap_mobile&quot;:{&quot;unit&quot;:&quot;px&quot;,&quot;size&quot;:&quot;&quot;,&quot;sizes&quot;:[]}}\" data-widget_type=\"posts.cards\">\n\t\t\t\t<div class=\"elementor-widget-container\">\n\t\t\t\t\t<div class=\"elementor-posts-container elementor-posts elementor-posts--skin-cards elementor-grid\">\n\t\t\t\t<article class=\"elementor-post elementor-grid-item post-4592 post type-post status-publish format-standard has-post-thumbnail hentry category-evenemang\">\n\t\t\t<div class=\"elementor-post__card\">\n\t\t\t\t<a class=\"elementor-post__thumbnail__link\" href=\"https:\/\/glommersbygden.se\/en\/hostdisco-i-glommerstrask\/\" tabindex=\"-1\" ><div class=\"elementor-post__thumbnail\"><img fetchpriority=\"high\" decoding=\"async\" width=\"450\" height=\"600\" src=\"https:\/\/glommersbygden.se\/wp-content\/uploads\/2024\/10\/IMG_7394-450x600.jpg\" class=\"attachment-medium size-medium wp-image-4593\" alt=\"\" srcset=\"https:\/\/glommersbygden.se\/wp-content\/uploads\/2024\/10\/IMG_7394-450x600.jpg 450w, https:\/\/glommersbygden.se\/wp-content\/uploads\/2024\/10\/IMG_7394-768x1024.jpg 768w, https:\/\/glommersbygden.se\/wp-content\/uploads\/2024\/10\/IMG_7394-225x300.jpg 225w, https:\/\/glommersbygden.se\/wp-content\/uploads\/2024\/10\/IMG_7394-1152x1536.jpg 1152w, https:\/\/glommersbygden.se\/wp-content\/uploads\/2024\/10\/IMG_7394-9x12.jpg 9w, https:\/\/glommersbygden.se\/wp-content\/uploads\/2024\/10\/IMG_7394.jpg 1536w\" sizes=\"(max-width: 450px) 100vw, 450px\" \/><\/div><\/a>\n\t\t\t\t<div class=\"elementor-post__text\">\n\t\t\t\t<h1 class=\"elementor-post__title\">\n\t\t\t<a href=\"https:\/\/glommersbygden.se\/en\/hostdisco-i-glommerstrask\/\" >\n\t\t\t\tH\u00f6stdisco i Glommerstr\u00e4sk\t\t\t<\/a>\n\t\t<\/h1>\n\t\t\t\t<div class=\"elementor-post__excerpt\">\n\t\t\t<p>Nu bjuder projektgruppen Glommersbygdens framtid in till festligheter f\u00f6r att fira in h\u00f6stlovet. V\u00e4lkommen till Glommerstr\u00e4sk f\u00f6r lite h\u00f6stdisco i \u00e4kta disco anda! Hoppas vi ses! <\/p>\n\t\t<\/div>\n\t\t\n\t\t<a class=\"elementor-post__read-more\" href=\"https:\/\/glommersbygden.se\/en\/hostdisco-i-glommerstrask\/\" aria-label=\"Read more about H\u00f6stdisco i Glommerstr\u00e4sk\" tabindex=\"-1\" >\n\t\t\tL\u00e4s mer \u00bb\t\t<\/a>\n\n\t\t\t\t<\/div>\n\t\t\t\t<div class=\"elementor-post__meta-data\">\n\t\t\t\t\t<span class=\"elementor-post-date\">\n\t\t\tOctober 16, 2024\t\t<\/span>\n\t\t\t\t<\/div>\n\t\t\t\t\t<\/div>\n\t\t<\/article>\n\t\t\t\t<\/div>\n\t\t\n\t\t\t\t<\/div>\n\t\t\t\t<\/div>\n\t\t\t\t\t<\/div>\n\t\t<\/div>\n\t\t\t\t\t<\/div>\n\t\t<\/section>\n\t\t\t\t<section class=\"elementor-section elementor-top-section elementor-element elementor-element-a76e3ca elementor-section-boxed elementor-section-height-default elementor-section-height-default\" data-id=\"a76e3ca\" data-element_type=\"section\" data-settings=\"{&quot;background_background&quot;:&quot;classic&quot;}\">\n\t\t\t\t\t\t<div class=\"elementor-container elementor-column-gap-default\">\n\t\t\t\t\t<div class=\"elementor-column elementor-col-100 elementor-top-column elementor-element elementor-element-41ef80f\" data-id=\"41ef80f\" data-element_type=\"column\">\n\t\t\t<div class=\"elementor-widget-wrap elementor-element-populated\">\n\t\t\t\t\t\t<div class=\"elementor-element elementor-element-508eb8d elementor-widget elementor-widget-spacer\" data-id=\"508eb8d\" data-element_type=\"widget\" data-widget_type=\"spacer.default\">\n\t\t\t\t<div class=\"elementor-widget-container\">\n\t\t\t\t\t<div class=\"elementor-spacer\">\n\t\t\t<div class=\"elementor-spacer-inner\"><\/div>\n\t\t<\/div>\n\t\t\t\t<\/div>\n\t\t\t\t<\/div>\n\t\t\t\t<div class=\"elementor-element elementor-element-a5902a2 elementor-widget elementor-widget-heading\" data-id=\"a5902a2\" data-element_type=\"widget\" data-widget_type=\"heading.default\">\n\t\t\t\t<div class=\"elementor-widget-container\">\n\t\t\t<h2 class=\"elementor-heading-title elementor-size-default\">Se g\u00e4rna filmen fr\u00e5n v\u00e5rt nationaldagsfirande 2023<\/h2>\t\t<\/div>\n\t\t\t\t<\/div>\n\t\t\t\t<div class=\"elementor-element elementor-element-7214ce3 elementor-widget__width-initial elementor-widget-mobile__width-inherit elementor-widget elementor-widget-video\" data-id=\"7214ce3\" data-element_type=\"widget\" data-settings=\"{&quot;youtube_url&quot;:&quot;https:\\\/\\\/youtu.be\\\/m-Pm3VsmXH4?si=u8lCM3x5AdLqlZ7j&quot;,&quot;video_type&quot;:&quot;youtube&quot;,&quot;controls&quot;:&quot;yes&quot;}\" data-widget_type=\"video.default\">\n\t\t\t\t<div class=\"elementor-widget-container\">\n\t\t\t\t\t<div class=\"elementor-wrapper elementor-open-inline\">\n\t\t\t<div class=\"elementor-video\"><\/div>\t\t<\/div>\n\t\t\t\t<\/div>\n\t\t\t\t<\/div>\n\t\t\t\t<div class=\"elementor-element elementor-element-2ed262b elementor-widget elementor-widget-spacer\" data-id=\"2ed262b\" data-element_type=\"widget\" data-widget_type=\"spacer.default\">\n\t\t\t\t<div class=\"elementor-widget-container\">\n\t\t\t\t\t<div class=\"elementor-spacer\">\n\t\t\t<div class=\"elementor-spacer-inner\"><\/div>\n\t\t<\/div>\n\t\t\t\t<\/div>\n\t\t\t\t<\/div>\n\t\t\t\t\t<\/div>\n\t\t<\/div>\n\t\t\t\t\t<\/div>\n\t\t<\/section>\n\t\t\t\t<section class=\"elementor-section elementor-top-section elementor-element elementor-element-154b0d2 elementor-section-boxed elementor-section-height-default elementor-section-height-default\" data-id=\"154b0d2\" data-element_type=\"section\">\n\t\t\t\t\t\t<div class=\"elementor-container elementor-column-gap-default\">\n\t\t\t\t\t<div class=\"elementor-column elementor-col-100 elementor-top-column elementor-element elementor-element-fdbd1c8\" data-id=\"fdbd1c8\" data-element_type=\"column\">\n\t\t\t<div class=\"elementor-widget-wrap elementor-element-populated\">\n\t\t\t\t\t\t<div class=\"elementor-element elementor-element-1fd1dea elementor-widget elementor-widget-spacer\" data-id=\"1fd1dea\" data-element_type=\"widget\" data-widget_type=\"spacer.default\">\n\t\t\t\t<div class=\"elementor-widget-container\">\n\t\t\t\t\t<div class=\"elementor-spacer\">\n\t\t\t<div class=\"elementor-spacer-inner\"><\/div>\n\t\t<\/div>\n\t\t\t\t<\/div>\n\t\t\t\t<\/div>\n\t\t\t\t<div class=\"elementor-element elementor-element-27d04ec elementor-widget elementor-widget-heading\" data-id=\"27d04ec\" data-element_type=\"widget\" data-widget_type=\"heading.default\">\n\t\t\t\t<div class=\"elementor-widget-container\">\n\t\t\t<h2 class=\"elementor-heading-title elementor-size-default\">Har vi gl\u00f6mt n\u00e5got evenemang? Kontakta oss nedan<\/h2>\t\t<\/div>\n\t\t\t\t<\/div>\n\t\t\t\t<div class=\"elementor-element elementor-element-705ee83 elementor-button-align-stretch elementor-widget elementor-widget-form\" data-id=\"705ee83\" data-element_type=\"widget\" data-settings=\"{&quot;step_next_label&quot;:&quot;N\\u00e4sta&quot;,&quot;step_previous_label&quot;:&quot;F\\u00f6reg\\u00e5ende&quot;,&quot;button_width&quot;:&quot;100&quot;,&quot;step_type&quot;:&quot;number_text&quot;,&quot;step_icon_shape&quot;:&quot;circle&quot;}\" data-widget_type=\"form.default\">\n\t\t\t\t<div class=\"elementor-widget-container\">\n\t\t\t\t\t<form class=\"elementor-form\" method=\"post\" name=\"Anm\u00e4la evenemang\" action=\"\">\n\t\t\t<input type=\"hidden\" name=\"post_id\" value=\"399\"\/>\n\t\t\t<input type=\"hidden\" name=\"form_id\" value=\"705ee83\"\/>\n\t\t\t<input type=\"hidden\" name=\"referer_title\" value=\"Glommerstr\u00e4sk | Glommersbygden\" \/>\n\n\t\t\t\n\t\t\t<div class=\"elementor-form-fields-wrapper elementor-labels-above\">\n\t\t\t\t\t\t\t\t<div class=\"elementor-field-type-text elementor-field-group elementor-column elementor-field-group-name elementor-col-100 elementor-field-required\">\n\t\t\t\t\t\t\t\t\t\t\t\t<label for=\"form-field-name\" class=\"elementor-field-label\">\n\t\t\t\t\t\t\t\tName\t\t\t\t\t\t\t<\/label>\n\t\t\t\t\t\t\t\t\t\t\t\t\t\t<input size=\"1\" type=\"text\" name=\"form_fields[name]\" id=\"form-field-name\" class=\"elementor-field elementor-size-sm  elementor-field-textual\" placeholder=\"Name\" required=\"required\" aria-required=\"true\">\n\t\t\t\t\t\t\t\t\t\t\t<\/div>\n\t\t\t\t\t\t\t\t<div class=\"elementor-field-type-tel elementor-field-group elementor-column elementor-field-group-field_98663ec elementor-col-100 elementor-field-required\">\n\t\t\t\t\t\t\t\t\t\t\t\t<label for=\"form-field-field_98663ec\" class=\"elementor-field-label\">\n\t\t\t\t\t\t\t\tPhone number\t\t\t\t\t\t\t<\/label>\n\t\t\t\t\t\t\t\t<input size=\"1\" type=\"tel\" name=\"form_fields[field_98663ec]\" id=\"form-field-field_98663ec\" class=\"elementor-field elementor-size-sm  elementor-field-textual\" placeholder=\"Fyll i telefonnummer till kontakt f\u00f6r evenemanget\" required=\"required\" aria-required=\"true\" pattern=\"[0-9()#&amp;+*-=.]+\" title=\"Only numbers and phone characters (#, -, *, etc) are accepted.\">\n\n\t\t\t\t\t\t<\/div>\n\t\t\t\t\t\t\t\t<div class=\"elementor-field-type-email elementor-field-group elementor-column elementor-field-group-email elementor-col-100 elementor-field-required\">\n\t\t\t\t\t\t\t\t\t\t\t\t<label for=\"form-field-email\" class=\"elementor-field-label\">\n\t\t\t\t\t\t\t\tEmail adress\t\t\t\t\t\t\t<\/label>\n\t\t\t\t\t\t\t\t\t\t\t\t\t\t<input size=\"1\" type=\"email\" name=\"form_fields[email]\" id=\"form-field-email\" class=\"elementor-field elementor-size-sm  elementor-field-textual\" placeholder=\"Email adress\" required=\"required\" aria-required=\"true\">\n\t\t\t\t\t\t\t\t\t\t\t<\/div>\n\t\t\t\t\t\t\t\t<div class=\"elementor-field-type-text elementor-field-group elementor-column elementor-field-group-field_4b0b375 elementor-col-100 elementor-field-required\">\n\t\t\t\t\t\t\t\t\t\t\t\t<label for=\"form-field-field_4b0b375\" class=\"elementor-field-label\">\n\t\t\t\t\t\t\t\tDitt evenemang\t\t\t\t\t\t\t<\/label>\n\t\t\t\t\t\t\t\t\t\t\t\t\t\t<input size=\"1\" type=\"text\" name=\"form_fields[field_4b0b375]\" id=\"form-field-field_4b0b375\" class=\"elementor-field elementor-size-sm  elementor-field-textual\" placeholder=\"Fyll i rubrik p\u00e5 ditt evenemang h\u00e4r\" required=\"required\" aria-required=\"true\">\n\t\t\t\t\t\t\t\t\t\t\t<\/div>\n\t\t\t\t\t\t\t\t<div class=\"elementor-field-type-textarea elementor-field-group elementor-column elementor-field-group-message elementor-col-100 elementor-field-required\">\n\t\t\t\t\t\t\t\t\t\t\t\t<label for=\"form-field-message\" class=\"elementor-field-label\">\n\t\t\t\t\t\t\t\tYour message\t\t\t\t\t\t\t<\/label>\n\t\t\t\t\t\t<textarea class=\"elementor-field-textual elementor-field  elementor-size-sm\" name=\"form_fields[message]\" id=\"form-field-message\" rows=\"4\" placeholder=\"Your message\" required=\"required\" aria-required=\"true\"><\/textarea>\t\t\t\t<\/div>\n\t\t\t\t\t\t\t\t<div class=\"elementor-field-type-upload elementor-field-group elementor-column elementor-field-group-field_3740465 elementor-col-100\">\n\t\t\t\t\t\t\t\t\t\t\t\t<label for=\"form-field-field_3740465\" class=\"elementor-field-label\">\n\t\t\t\t\t\t\t\tOm du har n\u00e5got anslag\/affish kan du bifoga den h\u00e4r\t\t\t\t\t\t\t<\/label>\n\t\t\t\t\t\t\t\t<input type=\"file\" name=\"form_fields[field_3740465]\" id=\"form-field-field_3740465\" class=\"elementor-field elementor-size-sm  elementor-upload-field\">\n\n\t\t\t\t\t\t<\/div>\n\t\t\t\t\t\t\t\t<div class=\"elementor-field-group elementor-column elementor-field-type-submit elementor-col-100 e-form__buttons\">\n\t\t\t\t\t<button class=\"elementor-button elementor-size-sm\" type=\"submit\">\n\t\t\t\t\t\t<span class=\"elementor-button-content-wrapper\">\n\t\t\t\t\t\t\t\t\t\t\t\t\t\t\t\t\t\t\t\t\t\t<span class=\"elementor-button-text\">Skicka<\/span>\n\t\t\t\t\t\t\t\t\t\t\t\t\t<\/span>\n\t\t\t\t\t<\/button>\n\t\t\t\t<\/div>\n\t\t\t<\/div>\n\t\t<input type=\"hidden\" name=\"trp-form-language\" value=\"en\"\/><\/form>\n\t\t\t\t<\/div>\n\t\t\t\t<\/div>\n\t\t\t\t<div class=\"elementor-element elementor-element-5481b2d elementor-widget elementor-widget-spacer\" data-id=\"5481b2d\" data-element_type=\"widget\" data-widget_type=\"spacer.default\">\n\t\t\t\t<div class=\"elementor-widget-container\">\n\t\t\t\t\t<div class=\"elementor-spacer\">\n\t\t\t<div class=\"elementor-spacer-inner\"><\/div>\n\t\t<\/div>\n\t\t\t\t<\/div>\n\t\t\t\t<\/div>\n\t\t\t\t\t<\/div>\n\t\t<\/div>\n\t\t\t\t\t<\/div>\n\t\t<\/section>\n\t\t\t\t<\/div>","protected":false},"excerpt":{"rendered":"<p>Vad h\u00e4nder i Glommersbygden? Du \u00e4r endast ett steg fr\u00e5n att skapa nya bekantskaper, nya kunskaper eller kanske hitta nya utflyktsplatser.Se h\u00e4r vilka evenemang eller annat sp\u00e4nnande som \u00e4r aktuellt [&hellip;]<\/p>","protected":false},"author":1,"featured_media":0,"parent":0,"menu_order":0,"comment_status":"closed","ping_status":"closed","template":"","meta":{"footnotes":""},"class_list":["post-399","page","type-page","status-publish","hentry"],"yoast_head":"<!-- This site is optimized with the Yoast SEO plugin v26.3 - https:\/\/yoast.com\/wordpress\/plugins\/seo\/ -->\n<title>Vad h\u00e4nder i Glommersbygden - Glommerstr\u00e4sk | Glommersbygden<\/title>\n<meta name=\"robots\" content=\"index, follow, max-snippet:-1, max-image-preview:large, max-video-preview:-1\" \/>\n<link rel=\"canonical\" href=\"https:\/\/glommersbygden.se\/en\/vad-hander-i-glommersbygden\/\" \/>\n<meta property=\"og:locale\" content=\"en_US\" \/>\n<meta property=\"og:type\" content=\"article\" \/>\n<meta property=\"og:title\" content=\"Vad h\u00e4nder i Glommersbygden - Glommerstr\u00e4sk | Glommersbygden\" \/>\n<meta property=\"og:description\" content=\"Vad h\u00e4nder i Glommersbygden? Du \u00e4r endast ett steg fr\u00e5n att skapa nya bekantskaper, nya kunskaper eller kanske hitta nya utflyktsplatser.Se h\u00e4r vilka evenemang eller annat sp\u00e4nnande som \u00e4r aktuellt [&hellip;]\" \/>\n<meta property=\"og:url\" content=\"https:\/\/glommersbygden.se\/en\/vad-hander-i-glommersbygden\/\" \/>\n<meta property=\"og:site_name\" content=\"Glommerstr\u00e4sk | Glommersbygden\" \/>\n<meta property=\"article:publisher\" content=\"https:\/\/www.facebook.com\/glommerstrask\" \/>\n<meta property=\"article:modified_time\" content=\"2024-03-01T16:59:23+00:00\" \/>\n<meta property=\"og:image\" content=\"https:\/\/glommersbygden.se\/wp-content\/uploads\/2023\/08\/10710348_10152716922061221_1698684569478138036_o.jpg\" \/>\n\t<meta property=\"og:image:width\" content=\"1500\" \/>\n\t<meta property=\"og:image:height\" content=\"1000\" \/>\n\t<meta property=\"og:image:type\" content=\"image\/jpeg\" \/>\n<meta name=\"twitter:card\" content=\"summary_large_image\" \/>\n<meta name=\"twitter:label1\" content=\"Est. reading time\" \/>\n\t<meta name=\"twitter:data1\" content=\"2 minutes\" \/>\n<script type=\"application\/ld+json\" class=\"yoast-schema-graph\">{\"@context\":\"https:\/\/schema.org\",\"@graph\":[{\"@type\":\"WebPage\",\"@id\":\"https:\/\/glommersbygden.se\/vad-hander-i-glommersbygden\/\",\"url\":\"https:\/\/glommersbygden.se\/vad-hander-i-glommersbygden\/\",\"name\":\"Vad h\u00e4nder i Glommersbygden - Glommerstr\u00e4sk | Glommersbygden\",\"isPartOf\":{\"@id\":\"https:\/\/glommersbygden.se\/#website\"},\"datePublished\":\"2023-08-02T18:22:48+00:00\",\"dateModified\":\"2024-03-01T16:59:23+00:00\",\"breadcrumb\":{\"@id\":\"https:\/\/glommersbygden.se\/vad-hander-i-glommersbygden\/#breadcrumb\"},\"inLanguage\":\"en-US\",\"potentialAction\":[{\"@type\":\"ReadAction\",\"target\":[\"https:\/\/glommersbygden.se\/vad-hander-i-glommersbygden\/\"]}]},{\"@type\":\"BreadcrumbList\",\"@id\":\"https:\/\/glommersbygden.se\/vad-hander-i-glommersbygden\/#breadcrumb\",\"itemListElement\":[{\"@type\":\"ListItem\",\"position\":1,\"name\":\"Hem\",\"item\":\"https:\/\/glommersbygden.se\/\"},{\"@type\":\"ListItem\",\"position\":2,\"name\":\"Vad h\u00e4nder i Glommersbygden\"}]},{\"@type\":\"WebSite\",\"@id\":\"https:\/\/glommersbygden.se\/#website\",\"url\":\"https:\/\/glommersbygden.se\/\",\"name\":\"Glommersbygden - Glommerstr\u00e4sk\",\"description\":\"Inlandsdr\u00f6m mellan kust och fj\u00e4ll\",\"publisher\":{\"@id\":\"https:\/\/glommersbygden.se\/#organization\"},\"alternateName\":\"Glommers\",\"potentialAction\":[{\"@type\":\"SearchAction\",\"target\":{\"@type\":\"EntryPoint\",\"urlTemplate\":\"https:\/\/glommersbygden.se\/?s={search_term_string}\"},\"query-input\":{\"@type\":\"PropertyValueSpecification\",\"valueRequired\":true,\"valueName\":\"search_term_string\"}}],\"inLanguage\":\"en-US\"},{\"@type\":\"Organization\",\"@id\":\"https:\/\/glommersbygden.se\/#organization\",\"name\":\"Glommersbygden\",\"url\":\"https:\/\/glommersbygden.se\/\",\"logo\":{\"@type\":\"ImageObject\",\"inLanguage\":\"en-US\",\"@id\":\"https:\/\/glommersbygden.se\/#\/schema\/logo\/image\/\",\"url\":\"https:\/\/glommersbygden.se\/wp-content\/uploads\/2023\/09\/cropped-logo-mini-hemsida.png\",\"contentUrl\":\"https:\/\/glommersbygden.se\/wp-content\/uploads\/2023\/09\/cropped-logo-mini-hemsida.png\",\"width\":512,\"height\":512,\"caption\":\"Glommersbygden\"},\"image\":{\"@id\":\"https:\/\/glommersbygden.se\/#\/schema\/logo\/image\/\"},\"sameAs\":[\"https:\/\/www.facebook.com\/glommerstrask\",\"https:\/\/www.instagram.com\/glommerstrask_glommersbygden\/\",\"https:\/\/www.youtube.com\/@RelocateLapland-glommers\"]}]}<\/script>\n<!-- \/ Yoast SEO plugin. -->","yoast_head_json":{"title":"Vad h\u00e4nder i Glommersbygden - Glommerstr\u00e4sk | Glommersbygden","robots":{"index":"index","follow":"follow","max-snippet":"max-snippet:-1","max-image-preview":"max-image-preview:large","max-video-preview":"max-video-preview:-1"},"canonical":"https:\/\/glommersbygden.se\/en\/vad-hander-i-glommersbygden\/","og_locale":"en_US","og_type":"article","og_title":"Vad h\u00e4nder i Glommersbygden - Glommerstr\u00e4sk | Glommersbygden","og_description":"Vad h\u00e4nder i Glommersbygden? Du \u00e4r endast ett steg fr\u00e5n att skapa nya bekantskaper, nya kunskaper eller kanske hitta nya utflyktsplatser.Se h\u00e4r vilka evenemang eller annat sp\u00e4nnande som \u00e4r aktuellt [&hellip;]","og_url":"https:\/\/glommersbygden.se\/en\/vad-hander-i-glommersbygden\/","og_site_name":"Glommerstr\u00e4sk | Glommersbygden","article_publisher":"https:\/\/www.facebook.com\/glommerstrask","article_modified_time":"2024-03-01T16:59:23+00:00","og_image":[{"width":1500,"height":1000,"url":"https:\/\/glommersbygden.se\/wp-content\/uploads\/2023\/08\/10710348_10152716922061221_1698684569478138036_o.jpg","type":"image\/jpeg"}],"twitter_card":"summary_large_image","twitter_misc":{"Est. reading time":"2 minutes"},"schema":{"@context":"https:\/\/schema.org","@graph":[{"@type":"WebPage","@id":"https:\/\/glommersbygden.se\/vad-hander-i-glommersbygden\/","url":"https:\/\/glommersbygden.se\/vad-hander-i-glommersbygden\/","name":"Vad h\u00e4nder i Glommersbygden - Glommerstr\u00e4sk | Glommersbygden","isPartOf":{"@id":"https:\/\/glommersbygden.se\/#website"},"datePublished":"2023-08-02T18:22:48+00:00","dateModified":"2024-03-01T16:59:23+00:00","breadcrumb":{"@id":"https:\/\/glommersbygden.se\/vad-hander-i-glommersbygden\/#breadcrumb"},"inLanguage":"en-US","potentialAction":[{"@type":"ReadAction","target":["https:\/\/glommersbygden.se\/vad-hander-i-glommersbygden\/"]}]},{"@type":"BreadcrumbList","@id":"https:\/\/glommersbygden.se\/vad-hander-i-glommersbygden\/#breadcrumb","itemListElement":[{"@type":"ListItem","position":1,"name":"Hem","item":"https:\/\/glommersbygden.se\/"},{"@type":"ListItem","position":2,"name":"Vad h\u00e4nder i Glommersbygden"}]},{"@type":"WebSite","@id":"https:\/\/glommersbygden.se\/#website","url":"https:\/\/glommersbygden.se\/","name":"Glommersbygden - Glommerstr\u00e4sk","description":"Inlandsdr\u00f6m mellan kust och fj\u00e4ll","publisher":{"@id":"https:\/\/glommersbygden.se\/#organization"},"alternateName":"Glommers","potentialAction":[{"@type":"SearchAction","target":{"@type":"EntryPoint","urlTemplate":"https:\/\/glommersbygden.se\/?s={search_term_string}"},"query-input":{"@type":"PropertyValueSpecification","valueRequired":true,"valueName":"search_term_string"}}],"inLanguage":"en-US"},{"@type":"Organization","@id":"https:\/\/glommersbygden.se\/#organization","name":"Glommersbygden","url":"https:\/\/glommersbygden.se\/","logo":{"@type":"ImageObject","inLanguage":"en-US","@id":"https:\/\/glommersbygden.se\/#\/schema\/logo\/image\/","url":"https:\/\/glommersbygden.se\/wp-content\/uploads\/2023\/09\/cropped-logo-mini-hemsida.png","contentUrl":"https:\/\/glommersbygden.se\/wp-content\/uploads\/2023\/09\/cropped-logo-mini-hemsida.png","width":512,"height":512,"caption":"Glommersbygden"},"image":{"@id":"https:\/\/glommersbygden.se\/#\/schema\/logo\/image\/"},"sameAs":["https:\/\/www.facebook.com\/glommerstrask","https:\/\/www.instagram.com\/glommerstrask_glommersbygden\/","https:\/\/www.youtube.com\/@RelocateLapland-glommers"]}]}},"_links":{"self":[{"href":"https:\/\/glommersbygden.se\/en\/wp-json\/wp\/v2\/pages\/399","targetHints":{"allow":["GET"]}}],"collection":[{"href":"https:\/\/glommersbygden.se\/en\/wp-json\/wp\/v2\/pages"}],"about":[{"href":"https:\/\/glommersbygden.se\/en\/wp-json\/wp\/v2\/types\/page"}],"author":[{"embeddable":true,"href":"https:\/\/glommersbygden.se\/en\/wp-json\/wp\/v2\/users\/1"}],"replies":[{"embeddable":true,"href":"https:\/\/glommersbygden.se\/en\/wp-json\/wp\/v2\/comments?post=399"}],"version-history":[{"count":121,"href":"https:\/\/glommersbygden.se\/en\/wp-json\/wp\/v2\/pages\/399\/revisions"}],"predecessor-version":[{"id":4610,"href":"https:\/\/glommersbygden.se\/en\/wp-json\/wp\/v2\/pages\/399\/revisions\/4610"}],"wp:attachment":[{"href":"https:\/\/glommersbygden.se\/en\/wp-json\/wp\/v2\/media?parent=399"}],"curies":[{"name":"wp","href":"https:\/\/api.w.org\/{rel}","templated":true}]}}