{"id":4938,"date":"2025-09-23T07:01:56","date_gmt":"2025-09-23T07:01:56","guid":{"rendered":"https:\/\/glommersbygden.se\/?page_id=4938"},"modified":"2026-04-20T14:41:53","modified_gmt":"2026-04-20T14:41:53","slug":"flytta-till-glommers","status":"publish","type":"page","link":"https:\/\/glommersbygden.se\/en\/flytta-till-glommers\/","title":{"rendered":"Flytta till Glommers"},"content":{"rendered":"<div data-elementor-type=\"wp-page\" data-elementor-id=\"4938\" class=\"elementor elementor-4938\" data-elementor-post-type=\"page\">\n\t\t\t\t\t\t<section class=\"elementor-section elementor-top-section elementor-element elementor-element-386fb89d elementor-section-height-min-height elementor-section-content-middle elementor-section-boxed elementor-section-height-default elementor-section-items-middle\" data-id=\"386fb89d\" data-element_type=\"section\" data-settings=\"{&quot;background_background&quot;:&quot;classic&quot;}\">\n\t\t\t\t\t\t\t<div class=\"elementor-background-overlay\"><\/div>\n\t\t\t\t\t\t\t<div class=\"elementor-container elementor-column-gap-no\">\n\t\t\t\t\t<div class=\"elementor-column elementor-col-100 elementor-top-column elementor-element elementor-element-767b1fbd\" data-id=\"767b1fbd\" data-element_type=\"column\">\n\t\t\t<div class=\"elementor-widget-wrap elementor-element-populated\">\n\t\t\t\t\t\t<div class=\"elementor-element elementor-element-405d17e elementor-widget elementor-widget-spacer\" data-id=\"405d17e\" data-element_type=\"widget\" data-widget_type=\"spacer.default\">\n\t\t\t\t<div class=\"elementor-widget-container\">\n\t\t\t\t\t<div class=\"elementor-spacer\">\n\t\t\t<div class=\"elementor-spacer-inner\"><\/div>\n\t\t<\/div>\n\t\t\t\t<\/div>\n\t\t\t\t<\/div>\n\t\t\t\t<div class=\"elementor-element elementor-element-56a51e6e elementor-widget elementor-widget-heading\" data-id=\"56a51e6e\" data-element_type=\"widget\" data-widget_type=\"heading.default\">\n\t\t\t\t<div class=\"elementor-widget-container\">\n\t\t\t<h2 class=\"elementor-heading-title elementor-size-default\">Is Glommers your future?<\/h2>\t\t<\/div>\n\t\t\t\t<\/div>\n\t\t\t\t<div class=\"elementor-element elementor-element-772db2b1 elementor-widget elementor-widget-text-editor\" data-id=\"772db2b1\" data-element_type=\"widget\" data-widget_type=\"text-editor.default\">\n\t\t\t\t<div class=\"elementor-widget-container\">\n\t\t\t\t\t\t\t<p>We understand that moving can feel both daunting and exciting at the same time. Will you like it there? Will it live up to your expectations? Yes, there are many questions, but that\u2019s why we\u2019ve tried to make it easier for you to find out whether Glommersbygden is the right place to move to.<\/p><p>Choose language below and start exploring Glommersbygden right away<\/p>\t\t\t\t\t\t<\/div>\n\t\t\t\t<\/div>\n\t\t\t\t<section class=\"elementor-section elementor-inner-section elementor-element elementor-element-6ba50fb6 elementor-section-boxed elementor-section-height-default elementor-section-height-default\" data-id=\"6ba50fb6\" data-element_type=\"section\">\n\t\t\t\t\t\t<div class=\"elementor-container elementor-column-gap-wider\">\n\t\t\t\t\t<div class=\"elementor-column elementor-col-33 elementor-inner-column elementor-element elementor-element-43a15158\" data-id=\"43a15158\" data-element_type=\"column\">\n\t\t\t<div class=\"elementor-widget-wrap elementor-element-populated\">\n\t\t\t\t\t\t<div class=\"elementor-element elementor-element-46e2d5f elementor-align-center elementor-widget elementor-widget-button\" data-id=\"46e2d5f\" data-element_type=\"widget\" data-widget_type=\"button.default\">\n\t\t\t\t<div class=\"elementor-widget-container\">\n\t\t\t\t\t\t\t<div class=\"elementor-button-wrapper\">\n\t\t\t\t\t<a class=\"elementor-button elementor-button-link elementor-size-sm\" href=\"https:\/\/checkup.glommersbygden.se\/index.php?option=SE1\">\n\t\t\t\t\t\t<span class=\"elementor-button-content-wrapper\">\n\t\t\t\t\t\t\t\t\t<span class=\"elementor-button-text\">SVENSKA<\/span>\n\t\t\t\t\t<\/span>\n\t\t\t\t\t<\/a>\n\t\t\t\t<\/div>\n\t\t\t\t\t\t<\/div>\n\t\t\t\t<\/div>\n\t\t\t\t\t<\/div>\n\t\t<\/div>\n\t\t\t\t<div class=\"elementor-column elementor-col-33 elementor-inner-column elementor-element elementor-element-29c6bc9d\" data-id=\"29c6bc9d\" data-element_type=\"column\">\n\t\t\t<div class=\"elementor-widget-wrap elementor-element-populated\">\n\t\t\t\t\t\t<div class=\"elementor-element elementor-element-1af4788 elementor-align-center elementor-widget elementor-widget-button\" data-id=\"1af4788\" data-element_type=\"widget\" data-widget_type=\"button.default\">\n\t\t\t\t<div class=\"elementor-widget-container\">\n\t\t\t\t\t\t\t<div class=\"elementor-button-wrapper\">\n\t\t\t\t\t<a class=\"elementor-button elementor-button-link elementor-size-sm\" href=\"https:\/\/checkup.glommersbygden.se\/index.php?option=EN1\">\n\t\t\t\t\t\t<span class=\"elementor-button-content-wrapper\">\n\t\t\t\t\t\t\t\t\t<span class=\"elementor-button-text\">English<\/span>\n\t\t\t\t\t<\/span>\n\t\t\t\t\t<\/a>\n\t\t\t\t<\/div>\n\t\t\t\t\t\t<\/div>\n\t\t\t\t<\/div>\n\t\t\t\t\t<\/div>\n\t\t<\/div>\n\t\t\t\t<div class=\"elementor-column elementor-col-33 elementor-inner-column elementor-element elementor-element-ad1cb69\" data-id=\"ad1cb69\" data-element_type=\"column\">\n\t\t\t<div class=\"elementor-widget-wrap elementor-element-populated\">\n\t\t\t\t\t\t<div class=\"elementor-element elementor-element-cbda1c2 elementor-align-center elementor-widget elementor-widget-button\" data-id=\"cbda1c2\" data-element_type=\"widget\" data-widget_type=\"button.default\">\n\t\t\t\t<div class=\"elementor-widget-container\">\n\t\t\t\t\t\t\t<div class=\"elementor-button-wrapper\">\n\t\t\t\t\t<a class=\"elementor-button elementor-button-link elementor-size-sm\" href=\"https:\/\/checkup.glommersbygden.se\/index.php?option=DE1\">\n\t\t\t\t\t\t<span class=\"elementor-button-content-wrapper\">\n\t\t\t\t\t\t\t\t\t<span class=\"elementor-button-text\">Deutsch<\/span>\n\t\t\t\t\t<\/span>\n\t\t\t\t\t<\/a>\n\t\t\t\t<\/div>\n\t\t\t\t\t\t<\/div>\n\t\t\t\t<\/div>\n\t\t\t\t\t<\/div>\n\t\t<\/div>\n\t\t\t\t\t<\/div>\n\t\t<\/section>\n\t\t\t\t<div class=\"elementor-element elementor-element-5921c03 elementor-widget elementor-widget-spacer\" data-id=\"5921c03\" data-element_type=\"widget\" data-widget_type=\"spacer.default\">\n\t\t\t\t<div class=\"elementor-widget-container\">\n\t\t\t\t\t<div class=\"elementor-spacer\">\n\t\t\t<div class=\"elementor-spacer-inner\"><\/div>\n\t\t<\/div>\n\t\t\t\t<\/div>\n\t\t\t\t<\/div>\n\t\t\t\t\t<\/div>\n\t\t<\/div>\n\t\t\t\t\t<\/div>\n\t\t<\/section>\n\t\t\t\t<\/div>","protected":false},"excerpt":{"rendered":"<p>We understand that moving can feel both daunting and exciting at the same time. Will you like it there? Will it live up to your expectations? Yes, there are many questions, but that\u2019s why we\u2019ve tried to make it easier for you to find out whether Glommersbygden is the right place to move to.<\/p>","protected":false},"author":1,"featured_media":934,"parent":0,"menu_order":0,"comment_status":"closed","ping_status":"closed","template":"","meta":{"footnotes":""},"class_list":["post-4938","page","type-page","status-publish","has-post-thumbnail","hentry"],"yoast_head":"<!-- This site is optimized with the Yoast SEO plugin v26.3 - https:\/\/yoast.com\/wordpress\/plugins\/seo\/ -->\n<title>Flytta till Glommers - Glommerstr\u00e4sk | Glommersbygden<\/title>\n<meta name=\"robots\" content=\"index, follow, max-snippet:-1, max-image-preview:large, max-video-preview:-1\" \/>\n<link rel=\"canonical\" href=\"https:\/\/glommersbygden.se\/en\/flytta-till-glommers\/\" \/>\n<meta property=\"og:locale\" content=\"en_US\" \/>\n<meta property=\"og:type\" content=\"article\" \/>\n<meta property=\"og:title\" content=\"Flytta till Glommers - Glommerstr\u00e4sk | Glommersbygden\" \/>\n<meta property=\"og:description\" content=\"Vi f\u00f6rst\u00e5r att en flytt kan k\u00e4nnas b\u00e5de skr\u00e4mmande och sp\u00e4nnande p\u00e5 samma g\u00e5ng. Kommer man att trivas? \u00c4r det som man f\u00f6rv\u00e4ntar sig eller inte? Ja fr\u00e5gorna kan vara m\u00e5nga men d\u00e4rf\u00f6r har vi f\u00f6rs\u00f6kt att g\u00f6ra det l\u00e4ttare f\u00f6r dig er att ta reda p\u00e5 huruvida Glommersbygden \u00e4r r\u00e4tt plats att flytta till.\" \/>\n<meta property=\"og:url\" content=\"https:\/\/glommersbygden.se\/en\/flytta-till-glommers\/\" \/>\n<meta property=\"og:site_name\" content=\"Glommerstr\u00e4sk | Glommersbygden\" \/>\n<meta property=\"article:publisher\" content=\"https:\/\/www.facebook.com\/glommerstrask\" \/>\n<meta property=\"article:modified_time\" content=\"2026-04-20T14:41:53+00:00\" \/>\n<meta property=\"og:image\" content=\"https:\/\/glommersbygden.se\/wp-content\/uploads\/2023\/08\/37067132_10217148268479091_3478751474844958720_o.jpg\" \/>\n\t<meta property=\"og:image:width\" content=\"1080\" \/>\n\t<meta property=\"og:image:height\" content=\"809\" \/>\n\t<meta property=\"og:image:type\" content=\"image\/jpeg\" \/>\n<meta name=\"twitter:card\" content=\"summary_large_image\" \/>\n<meta name=\"twitter:label1\" content=\"Est. reading time\" \/>\n\t<meta name=\"twitter:data1\" content=\"1 minute\" \/>\n<script type=\"application\/ld+json\" class=\"yoast-schema-graph\">{\"@context\":\"https:\/\/schema.org\",\"@graph\":[{\"@type\":\"WebPage\",\"@id\":\"https:\/\/glommersbygden.se\/flytta-till-glommers\/\",\"url\":\"https:\/\/glommersbygden.se\/flytta-till-glommers\/\",\"name\":\"Flytta till Glommers - Glommerstr\u00e4sk | Glommersbygden\",\"isPartOf\":{\"@id\":\"https:\/\/glommersbygden.se\/#website\"},\"primaryImageOfPage\":{\"@id\":\"https:\/\/glommersbygden.se\/flytta-till-glommers\/#primaryimage\"},\"image\":{\"@id\":\"https:\/\/glommersbygden.se\/flytta-till-glommers\/#primaryimage\"},\"thumbnailUrl\":\"https:\/\/glommersbygden.se\/wp-content\/uploads\/2023\/08\/37067132_10217148268479091_3478751474844958720_o.jpg\",\"datePublished\":\"2025-09-23T07:01:56+00:00\",\"dateModified\":\"2026-04-20T14:41:53+00:00\",\"breadcrumb\":{\"@id\":\"https:\/\/glommersbygden.se\/flytta-till-glommers\/#breadcrumb\"},\"inLanguage\":\"en-US\",\"potentialAction\":[{\"@type\":\"ReadAction\",\"target\":[\"https:\/\/glommersbygden.se\/flytta-till-glommers\/\"]}]},{\"@type\":\"ImageObject\",\"inLanguage\":\"en-US\",\"@id\":\"https:\/\/glommersbygden.se\/flytta-till-glommers\/#primaryimage\",\"url\":\"https:\/\/glommersbygden.se\/wp-content\/uploads\/2023\/08\/37067132_10217148268479091_3478751474844958720_o.jpg\",\"contentUrl\":\"https:\/\/glommersbygden.se\/wp-content\/uploads\/2023\/08\/37067132_10217148268479091_3478751474844958720_o.jpg\",\"width\":1080,\"height\":809,\"caption\":\"vy fr\u00e5n glommersberget\"},{\"@type\":\"BreadcrumbList\",\"@id\":\"https:\/\/glommersbygden.se\/flytta-till-glommers\/#breadcrumb\",\"itemListElement\":[{\"@type\":\"ListItem\",\"position\":1,\"name\":\"Hem\",\"item\":\"https:\/\/glommersbygden.se\/\"},{\"@type\":\"ListItem\",\"position\":2,\"name\":\"Flytta till Glommers\"}]},{\"@type\":\"WebSite\",\"@id\":\"https:\/\/glommersbygden.se\/#website\",\"url\":\"https:\/\/glommersbygden.se\/\",\"name\":\"Glommersbygden - Glommerstr\u00e4sk\",\"description\":\"Inlandsdr\u00f6m mellan kust och fj\u00e4ll\",\"publisher\":{\"@id\":\"https:\/\/glommersbygden.se\/#organization\"},\"alternateName\":\"Glommers\",\"potentialAction\":[{\"@type\":\"SearchAction\",\"target\":{\"@type\":\"EntryPoint\",\"urlTemplate\":\"https:\/\/glommersbygden.se\/?s={search_term_string}\"},\"query-input\":{\"@type\":\"PropertyValueSpecification\",\"valueRequired\":true,\"valueName\":\"search_term_string\"}}],\"inLanguage\":\"en-US\"},{\"@type\":\"Organization\",\"@id\":\"https:\/\/glommersbygden.se\/#organization\",\"name\":\"Glommersbygden\",\"url\":\"https:\/\/glommersbygden.se\/\",\"logo\":{\"@type\":\"ImageObject\",\"inLanguage\":\"en-US\",\"@id\":\"https:\/\/glommersbygden.se\/#\/schema\/logo\/image\/\",\"url\":\"https:\/\/glommersbygden.se\/wp-content\/uploads\/2023\/09\/cropped-logo-mini-hemsida.png\",\"contentUrl\":\"https:\/\/glommersbygden.se\/wp-content\/uploads\/2023\/09\/cropped-logo-mini-hemsida.png\",\"width\":512,\"height\":512,\"caption\":\"Glommersbygden\"},\"image\":{\"@id\":\"https:\/\/glommersbygden.se\/#\/schema\/logo\/image\/\"},\"sameAs\":[\"https:\/\/www.facebook.com\/glommerstrask\",\"https:\/\/www.instagram.com\/glommerstrask_glommersbygden\/\",\"https:\/\/www.youtube.com\/@RelocateLapland-glommers\"]}]}<\/script>\n<!-- \/ Yoast SEO plugin. -->","yoast_head_json":{"title":"Flytta till Glommers - Glommerstr\u00e4sk | Glommersbygden","robots":{"index":"index","follow":"follow","max-snippet":"max-snippet:-1","max-image-preview":"max-image-preview:large","max-video-preview":"max-video-preview:-1"},"canonical":"https:\/\/glommersbygden.se\/en\/flytta-till-glommers\/","og_locale":"en_US","og_type":"article","og_title":"Flytta till Glommers - Glommerstr\u00e4sk | Glommersbygden","og_description":"Vi f\u00f6rst\u00e5r att en flytt kan k\u00e4nnas b\u00e5de skr\u00e4mmande och sp\u00e4nnande p\u00e5 samma g\u00e5ng. Kommer man att trivas? \u00c4r det som man f\u00f6rv\u00e4ntar sig eller inte? Ja fr\u00e5gorna kan vara m\u00e5nga men d\u00e4rf\u00f6r har vi f\u00f6rs\u00f6kt att g\u00f6ra det l\u00e4ttare f\u00f6r dig er att ta reda p\u00e5 huruvida Glommersbygden \u00e4r r\u00e4tt plats att flytta till.","og_url":"https:\/\/glommersbygden.se\/en\/flytta-till-glommers\/","og_site_name":"Glommerstr\u00e4sk | Glommersbygden","article_publisher":"https:\/\/www.facebook.com\/glommerstrask","article_modified_time":"2026-04-20T14:41:53+00:00","og_image":[{"width":1080,"height":809,"url":"https:\/\/glommersbygden.se\/wp-content\/uploads\/2023\/08\/37067132_10217148268479091_3478751474844958720_o.jpg","type":"image\/jpeg"}],"twitter_card":"summary_large_image","twitter_misc":{"Est. reading time":"1 minute"},"schema":{"@context":"https:\/\/schema.org","@graph":[{"@type":"WebPage","@id":"https:\/\/glommersbygden.se\/flytta-till-glommers\/","url":"https:\/\/glommersbygden.se\/flytta-till-glommers\/","name":"Flytta till Glommers - Glommerstr\u00e4sk | Glommersbygden","isPartOf":{"@id":"https:\/\/glommersbygden.se\/#website"},"primaryImageOfPage":{"@id":"https:\/\/glommersbygden.se\/flytta-till-glommers\/#primaryimage"},"image":{"@id":"https:\/\/glommersbygden.se\/flytta-till-glommers\/#primaryimage"},"thumbnailUrl":"https:\/\/glommersbygden.se\/wp-content\/uploads\/2023\/08\/37067132_10217148268479091_3478751474844958720_o.jpg","datePublished":"2025-09-23T07:01:56+00:00","dateModified":"2026-04-20T14:41:53+00:00","breadcrumb":{"@id":"https:\/\/glommersbygden.se\/flytta-till-glommers\/#breadcrumb"},"inLanguage":"en-US","potentialAction":[{"@type":"ReadAction","target":["https:\/\/glommersbygden.se\/flytta-till-glommers\/"]}]},{"@type":"ImageObject","inLanguage":"en-US","@id":"https:\/\/glommersbygden.se\/flytta-till-glommers\/#primaryimage","url":"https:\/\/glommersbygden.se\/wp-content\/uploads\/2023\/08\/37067132_10217148268479091_3478751474844958720_o.jpg","contentUrl":"https:\/\/glommersbygden.se\/wp-content\/uploads\/2023\/08\/37067132_10217148268479091_3478751474844958720_o.jpg","width":1080,"height":809,"caption":"vy fr\u00e5n glommersberget"},{"@type":"BreadcrumbList","@id":"https:\/\/glommersbygden.se\/flytta-till-glommers\/#breadcrumb","itemListElement":[{"@type":"ListItem","position":1,"name":"Hem","item":"https:\/\/glommersbygden.se\/"},{"@type":"ListItem","position":2,"name":"Flytta till Glommers"}]},{"@type":"WebSite","@id":"https:\/\/glommersbygden.se\/#website","url":"https:\/\/glommersbygden.se\/","name":"Glommersbygden - Glommerstr\u00e4sk","description":"Inlandsdr\u00f6m mellan kust och fj\u00e4ll","publisher":{"@id":"https:\/\/glommersbygden.se\/#organization"},"alternateName":"Glommers","potentialAction":[{"@type":"SearchAction","target":{"@type":"EntryPoint","urlTemplate":"https:\/\/glommersbygden.se\/?s={search_term_string}"},"query-input":{"@type":"PropertyValueSpecification","valueRequired":true,"valueName":"search_term_string"}}],"inLanguage":"en-US"},{"@type":"Organization","@id":"https:\/\/glommersbygden.se\/#organization","name":"Glommersbygden","url":"https:\/\/glommersbygden.se\/","logo":{"@type":"ImageObject","inLanguage":"en-US","@id":"https:\/\/glommersbygden.se\/#\/schema\/logo\/image\/","url":"https:\/\/glommersbygden.se\/wp-content\/uploads\/2023\/09\/cropped-logo-mini-hemsida.png","contentUrl":"https:\/\/glommersbygden.se\/wp-content\/uploads\/2023\/09\/cropped-logo-mini-hemsida.png","width":512,"height":512,"caption":"Glommersbygden"},"image":{"@id":"https:\/\/glommersbygden.se\/#\/schema\/logo\/image\/"},"sameAs":["https:\/\/www.facebook.com\/glommerstrask","https:\/\/www.instagram.com\/glommerstrask_glommersbygden\/","https:\/\/www.youtube.com\/@RelocateLapland-glommers"]}]}},"_links":{"self":[{"href":"https:\/\/glommersbygden.se\/en\/wp-json\/wp\/v2\/pages\/4938","targetHints":{"allow":["GET"]}}],"collection":[{"href":"https:\/\/glommersbygden.se\/en\/wp-json\/wp\/v2\/pages"}],"about":[{"href":"https:\/\/glommersbygden.se\/en\/wp-json\/wp\/v2\/types\/page"}],"author":[{"embeddable":true,"href":"https:\/\/glommersbygden.se\/en\/wp-json\/wp\/v2\/users\/1"}],"replies":[{"embeddable":true,"href":"https:\/\/glommersbygden.se\/en\/wp-json\/wp\/v2\/comments?post=4938"}],"version-history":[{"count":22,"href":"https:\/\/glommersbygden.se\/en\/wp-json\/wp\/v2\/pages\/4938\/revisions"}],"predecessor-version":[{"id":5330,"href":"https:\/\/glommersbygden.se\/en\/wp-json\/wp\/v2\/pages\/4938\/revisions\/5330"}],"wp:featuredmedia":[{"embeddable":true,"href":"https:\/\/glommersbygden.se\/en\/wp-json\/wp\/v2\/media\/934"}],"wp:attachment":[{"href":"https:\/\/glommersbygden.se\/en\/wp-json\/wp\/v2\/media?parent=4938"}],"curies":[{"name":"wp","href":"https:\/\/api.w.org\/{rel}","templated":true}]}}