{"id":503,"date":"2023-08-12T11:26:51","date_gmt":"2023-08-12T11:26:51","guid":{"rendered":"http:\/\/glommersbygden.se\/?page_id=503"},"modified":"2023-08-14T15:55:55","modified_gmt":"2023-08-14T15:55:55","slug":"front","status":"publish","type":"page","link":"https:\/\/glommersbygden.se\/en\/front\/","title":{"rendered":"Front"},"content":{"rendered":"<div data-elementor-type=\"wp-page\" data-elementor-id=\"503\" class=\"elementor elementor-503\" data-elementor-post-type=\"page\">\n\t\t\t\t\t\t<section class=\"elementor-section elementor-top-section elementor-element elementor-element-e5899cb elementor-section-full_width elementor-section-height-min-height elementor-section-height-default elementor-section-items-middle\" data-id=\"e5899cb\" data-element_type=\"section\" data-settings=\"{&quot;background_background&quot;:&quot;classic&quot;}\">\n\t\t\t\t\t\t<div class=\"elementor-container elementor-column-gap-default\">\n\t\t\t\t\t<div class=\"elementor-column elementor-col-100 elementor-top-column elementor-element elementor-element-27dc838\" data-id=\"27dc838\" data-element_type=\"column\">\n\t\t\t<div class=\"elementor-widget-wrap elementor-element-populated\">\n\t\t\t\t\t\t<div class=\"elementor-element elementor-element-9572388 elementor-invisible elementor-widget elementor-widget-heading\" data-id=\"9572388\" data-element_type=\"widget\" data-settings=\"{&quot;motion_fx_motion_fx_mouse&quot;:&quot;yes&quot;,&quot;motion_fx_mouseTrack_effect&quot;:&quot;yes&quot;,&quot;motion_fx_mouseTrack_direction&quot;:&quot;negative&quot;,&quot;_animation&quot;:&quot;fadeInLeft&quot;,&quot;motion_fx_mouseTrack_speed&quot;:{&quot;unit&quot;:&quot;px&quot;,&quot;size&quot;:1,&quot;sizes&quot;:[]}}\" data-widget_type=\"heading.default\">\n\t\t\t\t<div class=\"elementor-widget-container\">\n\t\t\t<h2 class=\"elementor-heading-title elementor-size-default\">Sidan \u00e4r under uppbyggnad<\/h2>\t\t<\/div>\n\t\t\t\t<\/div>\n\t\t\t\t\t<\/div>\n\t\t<\/div>\n\t\t\t\t\t<\/div>\n\t\t<\/section>\n\t\t\t\t<\/div>","protected":false},"excerpt":{"rendered":"<p>Sidan \u00e4r under uppbyggnad<\/p>","protected":false},"author":1,"featured_media":0,"parent":0,"menu_order":0,"comment_status":"closed","ping_status":"closed","template":"","meta":{"footnotes":""},"class_list":["post-503","page","type-page","status-publish","hentry"],"yoast_head":"<!-- This site is optimized with the Yoast SEO plugin v26.3 - https:\/\/yoast.com\/wordpress\/plugins\/seo\/ -->\n<title>Front - Glommerstr\u00e4sk | Glommersbygden<\/title>\n<meta name=\"robots\" content=\"index, follow, max-snippet:-1, max-image-preview:large, max-video-preview:-1\" \/>\n<link rel=\"canonical\" href=\"https:\/\/glommersbygden.se\/en\/front\/\" \/>\n<meta property=\"og:locale\" content=\"en_US\" \/>\n<meta property=\"og:type\" content=\"article\" \/>\n<meta property=\"og:title\" content=\"Front - Glommerstr\u00e4sk | Glommersbygden\" \/>\n<meta property=\"og:description\" content=\"Sidan \u00e4r under uppbyggnad\" \/>\n<meta property=\"og:url\" content=\"https:\/\/glommersbygden.se\/en\/front\/\" \/>\n<meta property=\"og:site_name\" content=\"Glommerstr\u00e4sk | Glommersbygden\" \/>\n<meta property=\"article:publisher\" content=\"https:\/\/www.facebook.com\/glommerstrask\" \/>\n<meta property=\"article:modified_time\" content=\"2023-08-14T15:55:55+00:00\" \/>\n<meta property=\"og:image\" content=\"https:\/\/glommersbygden.se\/wp-content\/uploads\/2023\/08\/10710348_10152716922061221_1698684569478138036_o.jpg\" \/>\n\t<meta property=\"og:image:width\" content=\"1500\" \/>\n\t<meta property=\"og:image:height\" content=\"1000\" \/>\n\t<meta property=\"og:image:type\" content=\"image\/jpeg\" \/>\n<meta name=\"twitter:card\" content=\"summary_large_image\" \/>\n<script type=\"application\/ld+json\" class=\"yoast-schema-graph\">{\"@context\":\"https:\/\/schema.org\",\"@graph\":[{\"@type\":\"WebPage\",\"@id\":\"https:\/\/glommersbygden.se\/front\/\",\"url\":\"https:\/\/glommersbygden.se\/front\/\",\"name\":\"Front - Glommerstr\u00e4sk | Glommersbygden\",\"isPartOf\":{\"@id\":\"https:\/\/glommersbygden.se\/#website\"},\"datePublished\":\"2023-08-12T11:26:51+00:00\",\"dateModified\":\"2023-08-14T15:55:55+00:00\",\"breadcrumb\":{\"@id\":\"https:\/\/glommersbygden.se\/front\/#breadcrumb\"},\"inLanguage\":\"en-US\",\"potentialAction\":[{\"@type\":\"ReadAction\",\"target\":[\"https:\/\/glommersbygden.se\/front\/\"]}]},{\"@type\":\"BreadcrumbList\",\"@id\":\"https:\/\/glommersbygden.se\/front\/#breadcrumb\",\"itemListElement\":[{\"@type\":\"ListItem\",\"position\":1,\"name\":\"Hem\",\"item\":\"https:\/\/glommersbygden.se\/\"},{\"@type\":\"ListItem\",\"position\":2,\"name\":\"Front\"}]},{\"@type\":\"WebSite\",\"@id\":\"https:\/\/glommersbygden.se\/#website\",\"url\":\"https:\/\/glommersbygden.se\/\",\"name\":\"Glommersbygden - Glommerstr\u00e4sk\",\"description\":\"Inlandsdr\u00f6m mellan kust och fj\u00e4ll\",\"publisher\":{\"@id\":\"https:\/\/glommersbygden.se\/#organization\"},\"alternateName\":\"Glommers\",\"potentialAction\":[{\"@type\":\"SearchAction\",\"target\":{\"@type\":\"EntryPoint\",\"urlTemplate\":\"https:\/\/glommersbygden.se\/?s={search_term_string}\"},\"query-input\":{\"@type\":\"PropertyValueSpecification\",\"valueRequired\":true,\"valueName\":\"search_term_string\"}}],\"inLanguage\":\"en-US\"},{\"@type\":\"Organization\",\"@id\":\"https:\/\/glommersbygden.se\/#organization\",\"name\":\"Glommersbygden\",\"url\":\"https:\/\/glommersbygden.se\/\",\"logo\":{\"@type\":\"ImageObject\",\"inLanguage\":\"en-US\",\"@id\":\"https:\/\/glommersbygden.se\/#\/schema\/logo\/image\/\",\"url\":\"https:\/\/glommersbygden.se\/wp-content\/uploads\/2023\/09\/cropped-logo-mini-hemsida.png\",\"contentUrl\":\"https:\/\/glommersbygden.se\/wp-content\/uploads\/2023\/09\/cropped-logo-mini-hemsida.png\",\"width\":512,\"height\":512,\"caption\":\"Glommersbygden\"},\"image\":{\"@id\":\"https:\/\/glommersbygden.se\/#\/schema\/logo\/image\/\"},\"sameAs\":[\"https:\/\/www.facebook.com\/glommerstrask\",\"https:\/\/www.instagram.com\/glommerstrask_glommersbygden\/\",\"https:\/\/www.youtube.com\/@RelocateLapland-glommers\"]}]}<\/script>\n<!-- \/ Yoast SEO plugin. -->","yoast_head_json":{"title":"Front - Glommerstr\u00e4sk | Glommersbygden","robots":{"index":"index","follow":"follow","max-snippet":"max-snippet:-1","max-image-preview":"max-image-preview:large","max-video-preview":"max-video-preview:-1"},"canonical":"https:\/\/glommersbygden.se\/en\/front\/","og_locale":"en_US","og_type":"article","og_title":"Front - Glommerstr\u00e4sk | Glommersbygden","og_description":"Sidan \u00e4r under uppbyggnad","og_url":"https:\/\/glommersbygden.se\/en\/front\/","og_site_name":"Glommerstr\u00e4sk | Glommersbygden","article_publisher":"https:\/\/www.facebook.com\/glommerstrask","article_modified_time":"2023-08-14T15:55:55+00:00","og_image":[{"width":1500,"height":1000,"url":"https:\/\/glommersbygden.se\/wp-content\/uploads\/2023\/08\/10710348_10152716922061221_1698684569478138036_o.jpg","type":"image\/jpeg"}],"twitter_card":"summary_large_image","schema":{"@context":"https:\/\/schema.org","@graph":[{"@type":"WebPage","@id":"https:\/\/glommersbygden.se\/front\/","url":"https:\/\/glommersbygden.se\/front\/","name":"Front - Glommerstr\u00e4sk | Glommersbygden","isPartOf":{"@id":"https:\/\/glommersbygden.se\/#website"},"datePublished":"2023-08-12T11:26:51+00:00","dateModified":"2023-08-14T15:55:55+00:00","breadcrumb":{"@id":"https:\/\/glommersbygden.se\/front\/#breadcrumb"},"inLanguage":"en-US","potentialAction":[{"@type":"ReadAction","target":["https:\/\/glommersbygden.se\/front\/"]}]},{"@type":"BreadcrumbList","@id":"https:\/\/glommersbygden.se\/front\/#breadcrumb","itemListElement":[{"@type":"ListItem","position":1,"name":"Hem","item":"https:\/\/glommersbygden.se\/"},{"@type":"ListItem","position":2,"name":"Front"}]},{"@type":"WebSite","@id":"https:\/\/glommersbygden.se\/#website","url":"https:\/\/glommersbygden.se\/","name":"Glommersbygden - Glommerstr\u00e4sk","description":"Inlandsdr\u00f6m mellan kust och fj\u00e4ll","publisher":{"@id":"https:\/\/glommersbygden.se\/#organization"},"alternateName":"Glommers","potentialAction":[{"@type":"SearchAction","target":{"@type":"EntryPoint","urlTemplate":"https:\/\/glommersbygden.se\/?s={search_term_string}"},"query-input":{"@type":"PropertyValueSpecification","valueRequired":true,"valueName":"search_term_string"}}],"inLanguage":"en-US"},{"@type":"Organization","@id":"https:\/\/glommersbygden.se\/#organization","name":"Glommersbygden","url":"https:\/\/glommersbygden.se\/","logo":{"@type":"ImageObject","inLanguage":"en-US","@id":"https:\/\/glommersbygden.se\/#\/schema\/logo\/image\/","url":"https:\/\/glommersbygden.se\/wp-content\/uploads\/2023\/09\/cropped-logo-mini-hemsida.png","contentUrl":"https:\/\/glommersbygden.se\/wp-content\/uploads\/2023\/09\/cropped-logo-mini-hemsida.png","width":512,"height":512,"caption":"Glommersbygden"},"image":{"@id":"https:\/\/glommersbygden.se\/#\/schema\/logo\/image\/"},"sameAs":["https:\/\/www.facebook.com\/glommerstrask","https:\/\/www.instagram.com\/glommerstrask_glommersbygden\/","https:\/\/www.youtube.com\/@RelocateLapland-glommers"]}]}},"_links":{"self":[{"href":"https:\/\/glommersbygden.se\/en\/wp-json\/wp\/v2\/pages\/503","targetHints":{"allow":["GET"]}}],"collection":[{"href":"https:\/\/glommersbygden.se\/en\/wp-json\/wp\/v2\/pages"}],"about":[{"href":"https:\/\/glommersbygden.se\/en\/wp-json\/wp\/v2\/types\/page"}],"author":[{"embeddable":true,"href":"https:\/\/glommersbygden.se\/en\/wp-json\/wp\/v2\/users\/1"}],"replies":[{"embeddable":true,"href":"https:\/\/glommersbygden.se\/en\/wp-json\/wp\/v2\/comments?post=503"}],"version-history":[{"count":7,"href":"https:\/\/glommersbygden.se\/en\/wp-json\/wp\/v2\/pages\/503\/revisions"}],"predecessor-version":[{"id":617,"href":"https:\/\/glommersbygden.se\/en\/wp-json\/wp\/v2\/pages\/503\/revisions\/617"}],"wp:attachment":[{"href":"https:\/\/glommersbygden.se\/en\/wp-json\/wp\/v2\/media?parent=503"}],"curies":[{"name":"wp","href":"https:\/\/api.w.org\/{rel}","templated":true}]}}