{"id":5254,"date":"2026-04-09T17:44:23","date_gmt":"2026-04-09T17:44:23","guid":{"rendered":"https:\/\/glommersbygden.se\/?page_id=5254"},"modified":"2026-04-09T19:10:59","modified_gmt":"2026-04-09T19:10:59","slug":"hander-i-glommersbygden","status":"publish","type":"page","link":"https:\/\/glommersbygden.se\/en\/hander-i-glommersbygden\/","title":{"rendered":"H\u00e4nder i Glommersbygden"},"content":{"rendered":"<div data-elementor-type=\"wp-page\" data-elementor-id=\"5254\" class=\"elementor elementor-5254\" data-elementor-post-type=\"page\">\n\t\t\t\t\t\t<section class=\"elementor-section elementor-top-section elementor-element elementor-element-630d0658 elementor-section-full_width elementor-section-height-default elementor-section-height-default\" data-id=\"630d0658\" data-element_type=\"section\" data-settings=\"{&quot;background_background&quot;:&quot;classic&quot;}\">\n\t\t\t\t\t\t<div class=\"elementor-container elementor-column-gap-default\">\n\t\t\t\t\t<div class=\"elementor-column elementor-col-100 elementor-top-column elementor-element elementor-element-1b8e9510\" data-id=\"1b8e9510\" data-element_type=\"column\">\n\t\t\t<div class=\"elementor-widget-wrap elementor-element-populated\">\n\t\t\t\t\t\t<div class=\"elementor-element elementor-element-6c564fa2 elementor-widget elementor-widget-spacer\" data-id=\"6c564fa2\" data-element_type=\"widget\" data-widget_type=\"spacer.default\">\n\t\t\t\t<div class=\"elementor-widget-container\">\n\t\t\t\t\t<div class=\"elementor-spacer\">\n\t\t\t<div class=\"elementor-spacer-inner\"><\/div>\n\t\t<\/div>\n\t\t\t\t<\/div>\n\t\t\t\t<\/div>\n\t\t\t\t<div class=\"elementor-element elementor-element-23d941c6 elementor-widget elementor-widget-spacer\" data-id=\"23d941c6\" data-element_type=\"widget\" data-widget_type=\"spacer.default\">\n\t\t\t\t<div class=\"elementor-widget-container\">\n\t\t\t\t\t<div class=\"elementor-spacer\">\n\t\t\t<div class=\"elementor-spacer-inner\"><\/div>\n\t\t<\/div>\n\t\t\t\t<\/div>\n\t\t\t\t<\/div>\n\t\t\t\t\t<\/div>\n\t\t<\/div>\n\t\t\t\t\t<\/div>\n\t\t<\/section>\n\t\t\t\t<section class=\"elementor-section elementor-top-section elementor-element elementor-element-7b1bf59f elementor-section-boxed elementor-section-height-default elementor-section-height-default\" data-id=\"7b1bf59f\" data-element_type=\"section\">\n\t\t\t\t\t\t<div class=\"elementor-container elementor-column-gap-default\">\n\t\t\t\t\t<div class=\"elementor-column elementor-col-100 elementor-top-column elementor-element elementor-element-41731b0b\" data-id=\"41731b0b\" data-element_type=\"column\">\n\t\t\t<div class=\"elementor-widget-wrap elementor-element-populated\">\n\t\t\t\t\t\t<div class=\"elementor-element elementor-element-4356fa6b elementor-widget elementor-widget-spacer\" data-id=\"4356fa6b\" data-element_type=\"widget\" data-widget_type=\"spacer.default\">\n\t\t\t\t<div class=\"elementor-widget-container\">\n\t\t\t\t\t<div class=\"elementor-spacer\">\n\t\t\t<div class=\"elementor-spacer-inner\"><\/div>\n\t\t<\/div>\n\t\t\t\t<\/div>\n\t\t\t\t<\/div>\n\t\t\t\t<div class=\"elementor-element elementor-element-4bc89e63 elementor-widget elementor-widget-heading\" data-id=\"4bc89e63\" data-element_type=\"widget\" data-widget_type=\"heading.default\">\n\t\t\t\t<div class=\"elementor-widget-container\">\n\t\t\t<h1 class=\"elementor-heading-title elementor-size-default\">Vad h\u00e4nder i Glommersbygden?<\/h1>\t\t<\/div>\n\t\t\t\t<\/div>\n\t\t\t\t<div class=\"elementor-element elementor-element-e0f0ba4 elementor-widget__width-initial elementor-widget elementor-widget-text-editor\" data-id=\"e0f0ba4\" data-element_type=\"widget\" data-widget_type=\"text-editor.default\">\n\t\t\t\t<div class=\"elementor-widget-container\">\n\t\t\t\t\t\t\t<p><span style=\"background-color: var( --e-global-color-b5dbc7d );\"><font face=\"var( --e-global-typography-text-font-family ), montserrat\"><span style=\"color: var( --e-global-color-88fd3f1 ); font-size: 1rem;\">H\u00e4r hittar du evenemang och annat kul som h\u00e4nder runt om i v\u00e5rt omr\u00e5de. Arrangerar du n\u00e5got som du vill ska visas h\u00e4r? Fyll i formul\u00e4ret l\u00e4ngre ner med all n\u00f6dv\u00e4ndig information s\u00e5 publicerar vi det s\u00e5 snart som m\u00f6jligt. Men vi rekommenderar \u00e4nd\u00e5 att ha god marginal s\u00e5 att det hinner <\/span><\/font>l\u00e4ggas<font face=\"var( --e-global-typography-text-font-family ), montserrat\"><span style=\"color: var( --e-global-color-88fd3f1 ); font-size: 1rem;\">&nbsp;upp.&nbsp;<\/span><\/font><\/span><\/p>\t\t\t\t\t\t<\/div>\n\t\t\t\t<\/div>\n\t\t\t\t\t<\/div>\n\t\t<\/div>\n\t\t\t\t\t<\/div>\n\t\t<\/section>\n\t\t\t\t<section class=\"elementor-section elementor-top-section elementor-element elementor-element-3321c46 elementor-section-boxed elementor-section-height-default elementor-section-height-default\" data-id=\"3321c46\" data-element_type=\"section\">\n\t\t\t\t\t\t<div class=\"elementor-container elementor-column-gap-default\">\n\t\t\t\t\t<div class=\"elementor-column elementor-col-100 elementor-top-column elementor-element elementor-element-119c5f4\" data-id=\"119c5f4\" data-element_type=\"column\">\n\t\t\t<div class=\"elementor-widget-wrap elementor-element-populated\">\n\t\t\t\t\t\t<div class=\"elementor-element elementor-element-1510b4b elementor-widget elementor-widget-html\" data-id=\"1510b4b\" data-element_type=\"widget\" data-widget_type=\"html.default\">\n\t\t\t\t<div class=\"elementor-widget-container\">\n\t\t\t<style scoped> iframe[data-tec-events-ece-iframe=\"true\"] { width: 100%; height: calc( 100vw + 100px ); max-width: 100%; } @media screen and (min-width: 600px) { iframe[data-tec-events-ece-iframe=\"true\"] { height: 100vw; } } @media screen and (min-width: 853px) { iframe[data-tec-events-ece-iframe=\"true\"] { height: 1065px; } } <\/style> <iframe data-tec-events-ece-iframe=\"true\" src=\"https:\/\/glommersbygden.se\/calendar-embed\/KrLLTb1IjaK\/embed\/\" frameborder=\"0\" ><\/iframe>\t\t<\/div>\n\t\t\t\t<\/div>\n\t\t\t\t<div class=\"elementor-element elementor-element-1b90e17 elementor-button-align-stretch elementor-widget elementor-widget-form\" data-id=\"1b90e17\" data-element_type=\"widget\" data-settings=\"{&quot;step_next_label&quot;:&quot;N\\u00e4sta&quot;,&quot;step_previous_label&quot;:&quot;F\\u00f6reg\\u00e5ende&quot;,&quot;button_width&quot;:&quot;100&quot;,&quot;step_type&quot;:&quot;number_text&quot;,&quot;step_icon_shape&quot;:&quot;circle&quot;}\" data-widget_type=\"form.default\">\n\t\t\t\t<div class=\"elementor-widget-container\">\n\t\t\t\t\t<form class=\"elementor-form\" method=\"post\" name=\"Evenemang\" action=\"\">\n\t\t\t<input type=\"hidden\" name=\"post_id\" value=\"5254\"\/>\n\t\t\t<input type=\"hidden\" name=\"form_id\" value=\"1b90e17\"\/>\n\t\t\t<input type=\"hidden\" name=\"referer_title\" value=\"Glommerstr\u00e4sk | Glommersbygden\" \/>\n\n\t\t\t\n\t\t\t<div class=\"elementor-form-fields-wrapper elementor-labels-above\">\n\t\t\t\t\t\t\t\t<div class=\"elementor-field-type-text elementor-field-group elementor-column elementor-field-group-name elementor-col-100\">\n\t\t\t\t\t\t\t\t\t\t\t\t<label for=\"form-field-name\" class=\"elementor-field-label\">\n\t\t\t\t\t\t\t\tName\t\t\t\t\t\t\t<\/label>\n\t\t\t\t\t\t\t\t\t\t\t\t\t\t<input size=\"1\" type=\"text\" name=\"form_fields[name]\" id=\"form-field-name\" class=\"elementor-field elementor-size-sm  elementor-field-textual\" placeholder=\"Name\">\n\t\t\t\t\t\t\t\t\t\t\t<\/div>\n\t\t\t\t\t\t\t\t<div class=\"elementor-field-type-email elementor-field-group elementor-column elementor-field-group-email elementor-col-100 elementor-field-required elementor-mark-required\">\n\t\t\t\t\t\t\t\t\t\t\t\t<label for=\"form-field-email\" class=\"elementor-field-label\">\n\t\t\t\t\t\t\t\tEmail adress\t\t\t\t\t\t\t<\/label>\n\t\t\t\t\t\t\t\t\t\t\t\t\t\t<input size=\"1\" type=\"email\" name=\"form_fields[email]\" id=\"form-field-email\" class=\"elementor-field elementor-size-sm  elementor-field-textual\" placeholder=\"Email adress\" required=\"required\" aria-required=\"true\">\n\t\t\t\t\t\t\t\t\t\t\t<\/div>\n\t\t\t\t\t\t\t\t<div class=\"elementor-field-type-text elementor-field-group elementor-column elementor-field-group-field_43398d8 elementor-col-100 elementor-field-required elementor-mark-required\">\n\t\t\t\t\t\t\t\t\t\t\t\t<label for=\"form-field-field_43398d8\" class=\"elementor-field-label\">\n\t\t\t\t\t\t\t\tNamn p\u00e5 evenemang\t\t\t\t\t\t\t<\/label>\n\t\t\t\t\t\t\t\t\t\t\t\t\t\t<input size=\"1\" type=\"text\" name=\"form_fields[field_43398d8]\" id=\"form-field-field_43398d8\" class=\"elementor-field elementor-size-sm  elementor-field-textual\" placeholder=\"Namn p\u00e5 evenemang\" required=\"required\" aria-required=\"true\">\n\t\t\t\t\t\t\t\t\t\t\t<\/div>\n\t\t\t\t\t\t\t\t<div class=\"elementor-field-type-text elementor-field-group elementor-column elementor-field-group-field_6a281f6 elementor-col-100 elementor-field-required elementor-mark-required\">\n\t\t\t\t\t\t\t\t\t\t\t\t<label for=\"form-field-field_6a281f6\" class=\"elementor-field-label\">\n\t\t\t\t\t\t\t\tDatum & tid f\u00f6r evenemang\t\t\t\t\t\t\t<\/label>\n\t\t\t\t\t\t\t\t\t\t\t\t\t\t<input size=\"1\" type=\"text\" name=\"form_fields[field_6a281f6]\" id=\"form-field-field_6a281f6\" class=\"elementor-field elementor-size-sm  elementor-field-textual\" placeholder=\"Datum &amp; tid f\u00f6r evenemang\" required=\"required\" aria-required=\"true\">\n\t\t\t\t\t\t\t\t\t\t\t<\/div>\n\t\t\t\t\t\t\t\t<div class=\"elementor-field-type-text elementor-field-group elementor-column elementor-field-group-field_da9f5ff elementor-col-100 elementor-field-required elementor-mark-required\">\n\t\t\t\t\t\t\t\t\t\t\t\t<label for=\"form-field-field_da9f5ff\" class=\"elementor-field-label\">\n\t\t\t\t\t\t\t\tPlats\t\t\t\t\t\t\t<\/label>\n\t\t\t\t\t\t\t\t\t\t\t\t\t\t<input size=\"1\" type=\"text\" name=\"form_fields[field_da9f5ff]\" id=\"form-field-field_da9f5ff\" class=\"elementor-field elementor-size-sm  elementor-field-textual\" placeholder=\"Plats\" required=\"required\" aria-required=\"true\">\n\t\t\t\t\t\t\t\t\t\t\t<\/div>\n\t\t\t\t\t\t\t\t<div class=\"elementor-field-type-textarea elementor-field-group elementor-column elementor-field-group-message elementor-col-100\">\n\t\t\t\t\t\t\t\t\t\t\t\t<label for=\"form-field-message\" class=\"elementor-field-label\">\n\t\t\t\t\t\t\t\tInformation om evenemang\t\t\t\t\t\t\t<\/label>\n\t\t\t\t\t\t<textarea class=\"elementor-field-textual elementor-field  elementor-size-sm\" name=\"form_fields[message]\" id=\"form-field-message\" rows=\"4\" placeholder=\"Information om evenemang\"><\/textarea>\t\t\t\t<\/div>\n\t\t\t\t\t\t\t\t<div class=\"elementor-field-type-upload elementor-field-group elementor-column elementor-field-group-field_ec784d0 elementor-col-100\">\n\t\t\t\t\t\t\t\t\t\t\t\t<label for=\"form-field-field_ec784d0\" class=\"elementor-field-label\">\n\t\t\t\t\t\t\t\tLadda g\u00e4rna upp affisch f\u00f6r evenemanget\t\t\t\t\t\t\t<\/label>\n\t\t\t\t\t\t\t\t<input type=\"file\" name=\"form_fields[field_ec784d0]\" id=\"form-field-field_ec784d0\" class=\"elementor-field elementor-size-sm  elementor-upload-field\" data-maxsize=\"10\" data-maxsize-message=\"This file exceeds the maximum allowed size.\">\n\n\t\t\t\t\t\t<\/div>\n\t\t\t\t\t\t\t\t<div class=\"elementor-field-group elementor-column elementor-field-type-submit elementor-col-100 e-form__buttons\">\n\t\t\t\t\t<button class=\"elementor-button elementor-size-sm\" type=\"submit\">\n\t\t\t\t\t\t<span class=\"elementor-button-content-wrapper\">\n\t\t\t\t\t\t\t\t\t\t\t\t\t\t\t\t\t\t\t\t\t\t<span class=\"elementor-button-text\">Registrera mitt evenemang<\/span>\n\t\t\t\t\t\t\t\t\t\t\t\t\t<\/span>\n\t\t\t\t\t<\/button>\n\t\t\t\t<\/div>\n\t\t\t<\/div>\n\t\t<input type=\"hidden\" name=\"trp-form-language\" value=\"en\"\/><\/form>\n\t\t\t\t<\/div>\n\t\t\t\t<\/div>\n\t\t\t\t<div class=\"elementor-element elementor-element-2148ef0 elementor-widget elementor-widget-spacer\" data-id=\"2148ef0\" data-element_type=\"widget\" data-widget_type=\"spacer.default\">\n\t\t\t\t<div class=\"elementor-widget-container\">\n\t\t\t\t\t<div class=\"elementor-spacer\">\n\t\t\t<div class=\"elementor-spacer-inner\"><\/div>\n\t\t<\/div>\n\t\t\t\t<\/div>\n\t\t\t\t<\/div>\n\t\t\t\t\t<\/div>\n\t\t<\/div>\n\t\t\t\t\t<\/div>\n\t\t<\/section>\n\t\t\t\t<\/div>","protected":false},"excerpt":{"rendered":"<p>Vad h\u00e4nder i Glommersbygden? H\u00e4r hittar du evenemang och annat kul som h\u00e4nder runt om i v\u00e5rt omr\u00e5de. Arrangerar du n\u00e5got som du vill ska visas h\u00e4r? Fyll i formul\u00e4ret [&hellip;]<\/p>","protected":false},"author":1,"featured_media":0,"parent":0,"menu_order":0,"comment_status":"closed","ping_status":"closed","template":"","meta":{"footnotes":""},"class_list":["post-5254","page","type-page","status-publish","hentry"],"yoast_head":"<!-- This site is optimized with the Yoast SEO plugin v26.3 - https:\/\/yoast.com\/wordpress\/plugins\/seo\/ -->\n<title>H\u00e4nder i Glommersbygden - Glommerstr\u00e4sk | Glommersbygden<\/title>\n<meta name=\"robots\" content=\"index, follow, max-snippet:-1, max-image-preview:large, max-video-preview:-1\" \/>\n<link rel=\"canonical\" href=\"https:\/\/glommersbygden.se\/en\/hander-i-glommersbygden\/\" \/>\n<meta property=\"og:locale\" content=\"en_US\" \/>\n<meta property=\"og:type\" content=\"article\" \/>\n<meta property=\"og:title\" content=\"H\u00e4nder i Glommersbygden - Glommerstr\u00e4sk | Glommersbygden\" \/>\n<meta property=\"og:description\" content=\"Vad h\u00e4nder i Glommersbygden? H\u00e4r hittar du evenemang och annat kul som h\u00e4nder runt om i v\u00e5rt omr\u00e5de. Arrangerar du n\u00e5got som du vill ska visas h\u00e4r? Fyll i formul\u00e4ret [&hellip;]\" \/>\n<meta property=\"og:url\" content=\"https:\/\/glommersbygden.se\/en\/hander-i-glommersbygden\/\" \/>\n<meta property=\"og:site_name\" content=\"Glommerstr\u00e4sk | Glommersbygden\" \/>\n<meta property=\"article:publisher\" content=\"https:\/\/www.facebook.com\/glommerstrask\" \/>\n<meta property=\"article:modified_time\" content=\"2026-04-09T19:10:59+00:00\" \/>\n<meta property=\"og:image\" content=\"https:\/\/glommersbygden.se\/wp-content\/uploads\/2023\/08\/10710348_10152716922061221_1698684569478138036_o.jpg\" \/>\n\t<meta property=\"og:image:width\" content=\"1500\" \/>\n\t<meta property=\"og:image:height\" content=\"1000\" \/>\n\t<meta property=\"og:image:type\" content=\"image\/jpeg\" \/>\n<meta name=\"twitter:card\" content=\"summary_large_image\" \/>\n<meta name=\"twitter:label1\" content=\"Est. reading time\" \/>\n\t<meta name=\"twitter:data1\" content=\"1 minute\" \/>\n<script type=\"application\/ld+json\" class=\"yoast-schema-graph\">{\"@context\":\"https:\/\/schema.org\",\"@graph\":[{\"@type\":\"WebPage\",\"@id\":\"https:\/\/glommersbygden.se\/hander-i-glommersbygden\/\",\"url\":\"https:\/\/glommersbygden.se\/hander-i-glommersbygden\/\",\"name\":\"H\u00e4nder i Glommersbygden - Glommerstr\u00e4sk | Glommersbygden\",\"isPartOf\":{\"@id\":\"https:\/\/glommersbygden.se\/#website\"},\"datePublished\":\"2026-04-09T17:44:23+00:00\",\"dateModified\":\"2026-04-09T19:10:59+00:00\",\"breadcrumb\":{\"@id\":\"https:\/\/glommersbygden.se\/hander-i-glommersbygden\/#breadcrumb\"},\"inLanguage\":\"en-US\",\"potentialAction\":[{\"@type\":\"ReadAction\",\"target\":[\"https:\/\/glommersbygden.se\/hander-i-glommersbygden\/\"]}]},{\"@type\":\"BreadcrumbList\",\"@id\":\"https:\/\/glommersbygden.se\/hander-i-glommersbygden\/#breadcrumb\",\"itemListElement\":[{\"@type\":\"ListItem\",\"position\":1,\"name\":\"Hem\",\"item\":\"https:\/\/glommersbygden.se\/\"},{\"@type\":\"ListItem\",\"position\":2,\"name\":\"H\u00e4nder i Glommersbygden\"}]},{\"@type\":\"WebSite\",\"@id\":\"https:\/\/glommersbygden.se\/#website\",\"url\":\"https:\/\/glommersbygden.se\/\",\"name\":\"Glommersbygden - Glommerstr\u00e4sk\",\"description\":\"Inlandsdr\u00f6m mellan kust och fj\u00e4ll\",\"publisher\":{\"@id\":\"https:\/\/glommersbygden.se\/#organization\"},\"alternateName\":\"Glommers\",\"potentialAction\":[{\"@type\":\"SearchAction\",\"target\":{\"@type\":\"EntryPoint\",\"urlTemplate\":\"https:\/\/glommersbygden.se\/?s={search_term_string}\"},\"query-input\":{\"@type\":\"PropertyValueSpecification\",\"valueRequired\":true,\"valueName\":\"search_term_string\"}}],\"inLanguage\":\"en-US\"},{\"@type\":\"Organization\",\"@id\":\"https:\/\/glommersbygden.se\/#organization\",\"name\":\"Glommersbygden\",\"url\":\"https:\/\/glommersbygden.se\/\",\"logo\":{\"@type\":\"ImageObject\",\"inLanguage\":\"en-US\",\"@id\":\"https:\/\/glommersbygden.se\/#\/schema\/logo\/image\/\",\"url\":\"https:\/\/glommersbygden.se\/wp-content\/uploads\/2023\/09\/cropped-logo-mini-hemsida.png\",\"contentUrl\":\"https:\/\/glommersbygden.se\/wp-content\/uploads\/2023\/09\/cropped-logo-mini-hemsida.png\",\"width\":512,\"height\":512,\"caption\":\"Glommersbygden\"},\"image\":{\"@id\":\"https:\/\/glommersbygden.se\/#\/schema\/logo\/image\/\"},\"sameAs\":[\"https:\/\/www.facebook.com\/glommerstrask\",\"https:\/\/www.instagram.com\/glommerstrask_glommersbygden\/\",\"https:\/\/www.youtube.com\/@RelocateLapland-glommers\"]}]}<\/script>\n<!-- \/ Yoast SEO plugin. -->","yoast_head_json":{"title":"H\u00e4nder i Glommersbygden - Glommerstr\u00e4sk | Glommersbygden","robots":{"index":"index","follow":"follow","max-snippet":"max-snippet:-1","max-image-preview":"max-image-preview:large","max-video-preview":"max-video-preview:-1"},"canonical":"https:\/\/glommersbygden.se\/en\/hander-i-glommersbygden\/","og_locale":"en_US","og_type":"article","og_title":"H\u00e4nder i Glommersbygden - Glommerstr\u00e4sk | Glommersbygden","og_description":"Vad h\u00e4nder i Glommersbygden? H\u00e4r hittar du evenemang och annat kul som h\u00e4nder runt om i v\u00e5rt omr\u00e5de. Arrangerar du n\u00e5got som du vill ska visas h\u00e4r? Fyll i formul\u00e4ret [&hellip;]","og_url":"https:\/\/glommersbygden.se\/en\/hander-i-glommersbygden\/","og_site_name":"Glommerstr\u00e4sk | Glommersbygden","article_publisher":"https:\/\/www.facebook.com\/glommerstrask","article_modified_time":"2026-04-09T19:10:59+00:00","og_image":[{"width":1500,"height":1000,"url":"https:\/\/glommersbygden.se\/wp-content\/uploads\/2023\/08\/10710348_10152716922061221_1698684569478138036_o.jpg","type":"image\/jpeg"}],"twitter_card":"summary_large_image","twitter_misc":{"Est. reading time":"1 minute"},"schema":{"@context":"https:\/\/schema.org","@graph":[{"@type":"WebPage","@id":"https:\/\/glommersbygden.se\/hander-i-glommersbygden\/","url":"https:\/\/glommersbygden.se\/hander-i-glommersbygden\/","name":"H\u00e4nder i Glommersbygden - Glommerstr\u00e4sk | Glommersbygden","isPartOf":{"@id":"https:\/\/glommersbygden.se\/#website"},"datePublished":"2026-04-09T17:44:23+00:00","dateModified":"2026-04-09T19:10:59+00:00","breadcrumb":{"@id":"https:\/\/glommersbygden.se\/hander-i-glommersbygden\/#breadcrumb"},"inLanguage":"en-US","potentialAction":[{"@type":"ReadAction","target":["https:\/\/glommersbygden.se\/hander-i-glommersbygden\/"]}]},{"@type":"BreadcrumbList","@id":"https:\/\/glommersbygden.se\/hander-i-glommersbygden\/#breadcrumb","itemListElement":[{"@type":"ListItem","position":1,"name":"Hem","item":"https:\/\/glommersbygden.se\/"},{"@type":"ListItem","position":2,"name":"H\u00e4nder i Glommersbygden"}]},{"@type":"WebSite","@id":"https:\/\/glommersbygden.se\/#website","url":"https:\/\/glommersbygden.se\/","name":"Glommersbygden - Glommerstr\u00e4sk","description":"Inlandsdr\u00f6m mellan kust och fj\u00e4ll","publisher":{"@id":"https:\/\/glommersbygden.se\/#organization"},"alternateName":"Glommers","potentialAction":[{"@type":"SearchAction","target":{"@type":"EntryPoint","urlTemplate":"https:\/\/glommersbygden.se\/?s={search_term_string}"},"query-input":{"@type":"PropertyValueSpecification","valueRequired":true,"valueName":"search_term_string"}}],"inLanguage":"en-US"},{"@type":"Organization","@id":"https:\/\/glommersbygden.se\/#organization","name":"Glommersbygden","url":"https:\/\/glommersbygden.se\/","logo":{"@type":"ImageObject","inLanguage":"en-US","@id":"https:\/\/glommersbygden.se\/#\/schema\/logo\/image\/","url":"https:\/\/glommersbygden.se\/wp-content\/uploads\/2023\/09\/cropped-logo-mini-hemsida.png","contentUrl":"https:\/\/glommersbygden.se\/wp-content\/uploads\/2023\/09\/cropped-logo-mini-hemsida.png","width":512,"height":512,"caption":"Glommersbygden"},"image":{"@id":"https:\/\/glommersbygden.se\/#\/schema\/logo\/image\/"},"sameAs":["https:\/\/www.facebook.com\/glommerstrask","https:\/\/www.instagram.com\/glommerstrask_glommersbygden\/","https:\/\/www.youtube.com\/@RelocateLapland-glommers"]}]}},"_links":{"self":[{"href":"https:\/\/glommersbygden.se\/en\/wp-json\/wp\/v2\/pages\/5254","targetHints":{"allow":["GET"]}}],"collection":[{"href":"https:\/\/glommersbygden.se\/en\/wp-json\/wp\/v2\/pages"}],"about":[{"href":"https:\/\/glommersbygden.se\/en\/wp-json\/wp\/v2\/types\/page"}],"author":[{"embeddable":true,"href":"https:\/\/glommersbygden.se\/en\/wp-json\/wp\/v2\/users\/1"}],"replies":[{"embeddable":true,"href":"https:\/\/glommersbygden.se\/en\/wp-json\/wp\/v2\/comments?post=5254"}],"version-history":[{"count":34,"href":"https:\/\/glommersbygden.se\/en\/wp-json\/wp\/v2\/pages\/5254\/revisions"}],"predecessor-version":[{"id":5309,"href":"https:\/\/glommersbygden.se\/en\/wp-json\/wp\/v2\/pages\/5254\/revisions\/5309"}],"wp:attachment":[{"href":"https:\/\/glommersbygden.se\/en\/wp-json\/wp\/v2\/media?parent=5254"}],"curies":[{"name":"wp","href":"https:\/\/api.w.org\/{rel}","templated":true}]}}